{"id":1215,"date":"2022-07-26T18:10:31","date_gmt":"2022-07-26T23:10:31","guid":{"rendered":"https:\/\/www.acrilfrasa.mx\/?post_type=product&#038;p=1215"},"modified":"2026-02-25T16:01:35","modified_gmt":"2026-02-25T22:01:35","slug":"plastico-transparente-de-70-x-180-cm-en-2-6mm","status":"publish","type":"product","link":"https:\/\/www.acrilfrasa.mx\/productosacrilicopolicarbonato\/canceleslaminasplastico\/plastico-transparente\/plastico-transparente-de-70-x-180-cm-en-2-6mm\/","title":{"rendered":"Pl\u00e1stico transparente de 70 X 180 cm en 2.6mm"},"content":{"rendered":"","protected":false},"excerpt":{"rendered":"<p><strong>Descripci\u00f3n:<\/strong> El pl\u00e1stico es un material dise\u00f1ado para instalarse como <a href=\"https:\/\/www.acrilfrasa.mx\/canceles-para-bano-cristal-templado-plastico.php\">cancel de ba\u00f1o<\/a> o plaf\u00f3n. Es una alternativa m\u00e1s ligera y econ\u00f3mica que el vidrio.<\/p>\n<p><strong>Caracter\u00edsticas:\u00a0<\/strong>Ligero,\u00a0Econ\u00f3mico,\u00a0Apto s\u00f3lo para uso en interiores.<\/p>\n<p><strong>Material:<\/strong> Poliestireno 100%<\/p>\n<p><strong>Color:<\/strong> Transparente<\/p>\n<p><strong>Medidas:\u00a0<\/strong>Ancho: 70 cm |\u00a0Largo: 180 cm |\u00a0Espesor: 2.6 mm<\/p>\n<p>En nuestra p\u00e1gina web puedes encontrar mas informaci\u00f3n sobre <a href=\"https:\/\/www.acrilfrasa.mx\/Acrilico\/\">Acr\u00edlico<\/a>, <a href=\"https:\/\/www.acrilfrasa.mx\/Policarbonato\/\">Policarbonato<\/a>, Canceles y mucho mas&#8230;.<\/p>\n","protected":false},"featured_media":1386,"comment_status":"closed","ping_status":"closed","template":"","meta":[],"product_brand":[],"product_cat":[30,36,52],"product_tag":[],"class_list":{"0":"post-1215","1":"product","2":"type-product","3":"status-publish","4":"has-post-thumbnail","6":"product_cat-canceleslaminasplastico","7":"product_cat-plastico-transparente-de-2-6-mm","8":"product_cat-plastico-transparente","10":"first","11":"instock","12":"taxable","13":"shipping-taxable","14":"purchasable","15":"product-type-simple"},"_links":{"self":[{"href":"https:\/\/www.acrilfrasa.mx\/productosacrilicopolicarbonato\/wp-json\/wp\/v2\/product\/1215","targetHints":{"allow":["GET"]}}],"collection":[{"href":"https:\/\/www.acrilfrasa.mx\/productosacrilicopolicarbonato\/wp-json\/wp\/v2\/product"}],"about":[{"href":"https:\/\/www.acrilfrasa.mx\/productosacrilicopolicarbonato\/wp-json\/wp\/v2\/types\/product"}],"replies":[{"embeddable":true,"href":"https:\/\/www.acrilfrasa.mx\/productosacrilicopolicarbonato\/wp-json\/wp\/v2\/comments?post=1215"}],"wp:featuredmedia":[{"embeddable":true,"href":"https:\/\/www.acrilfrasa.mx\/productosacrilicopolicarbonato\/wp-json\/wp\/v2\/media\/1386"}],"wp:attachment":[{"href":"https:\/\/www.acrilfrasa.mx\/productosacrilicopolicarbonato\/wp-json\/wp\/v2\/media?parent=1215"}],"wp:term":[{"taxonomy":"product_brand","embeddable":true,"href":"https:\/\/www.acrilfrasa.mx\/productosacrilicopolicarbonato\/wp-json\/wp\/v2\/product_brand?post=1215"},{"taxonomy":"product_cat","embeddable":true,"href":"https:\/\/www.acrilfrasa.mx\/productosacrilicopolicarbonato\/wp-json\/wp\/v2\/product_cat?post=1215"},{"taxonomy":"product_tag","embeddable":true,"href":"https:\/\/www.acrilfrasa.mx\/productosacrilicopolicarbonato\/wp-json\/wp\/v2\/product_tag?post=1215"}],"curies":[{"name":"wp","href":"https:\/\/api.w.org\/{rel}","templated":true}]}}