{"id":1232,"date":"2022-07-29T11:22:32","date_gmt":"2022-07-29T16:22:32","guid":{"rendered":"https:\/\/www.acrilfrasa.mx\/?post_type=product&#038;p=1232"},"modified":"2026-02-25T15:45:04","modified_gmt":"2026-02-25T21:45:04","slug":"plastico-blanco-de-120-x-250-cm-en-2-6mm","status":"publish","type":"product","link":"https:\/\/www.acrilfrasa.mx\/productosacrilicopolicarbonato\/canceleslaminasplastico\/plastico-blanco\/plastico-blanco-de-120-x-250-cm-en-2-6mm\/","title":{"rendered":"Pl\u00e1stico blanco de 120 X 250 cm en 2.6mm"},"content":{"rendered":"","protected":false},"excerpt":{"rendered":"<p><strong>Descripci\u00f3n: <\/strong>El pl\u00e1stico es un material dise\u00f1ado para instalarse como cancel de ba\u00f1o o plaf\u00f3n. Es una alternativa m\u00e1s ligera y econ\u00f3mica que el vidrio.<\/p>\n<p><strong>Caracter\u00edsticas:\u00a0<\/strong>Ligero,\u00a0Econ\u00f3mico,\u00a0Apto s\u00f3lo para uso en interiores<\/p>\n<p><strong>Color:<\/strong> Blanco<\/p>\n<p><strong>Material:<\/strong> Poliestireno 100%<\/p>\n<p><strong>Medidas:\u00a0<\/strong>Ancho: 120 cm |\u00a0Largo: 250 cm |\u00a0Espesor: 2.6 mm<\/p>\n<p>En nuestra p\u00e1gina web puedes encontrar mas informaci\u00f3n sobre <a href=\"https:\/\/www.acrilfrasa.mx\/Acrilico\/\">Acr\u00edlico<\/a>, <a href=\"https:\/\/www.acrilfrasa.mx\/Policarbonato\/\">Policarbonato<\/a>, <a href=\"https:\/\/www.acrilfrasa.mx\/canceles-para-bano-cristal-templado-plastico.php\">Canceles<\/a> y mucho mas&#8230;.<\/p>\n","protected":false},"featured_media":1385,"comment_status":"closed","ping_status":"closed","template":"","meta":[],"product_brand":[],"product_cat":[30,35],"product_tag":[],"class_list":{"0":"post-1232","1":"product","2":"type-product","3":"status-publish","4":"has-post-thumbnail","6":"product_cat-canceleslaminasplastico","7":"product_cat-plastico-blanco","9":"first","10":"instock","11":"taxable","12":"shipping-taxable","13":"purchasable","14":"product-type-simple"},"_links":{"self":[{"href":"https:\/\/www.acrilfrasa.mx\/productosacrilicopolicarbonato\/wp-json\/wp\/v2\/product\/1232","targetHints":{"allow":["GET"]}}],"collection":[{"href":"https:\/\/www.acrilfrasa.mx\/productosacrilicopolicarbonato\/wp-json\/wp\/v2\/product"}],"about":[{"href":"https:\/\/www.acrilfrasa.mx\/productosacrilicopolicarbonato\/wp-json\/wp\/v2\/types\/product"}],"replies":[{"embeddable":true,"href":"https:\/\/www.acrilfrasa.mx\/productosacrilicopolicarbonato\/wp-json\/wp\/v2\/comments?post=1232"}],"wp:featuredmedia":[{"embeddable":true,"href":"https:\/\/www.acrilfrasa.mx\/productosacrilicopolicarbonato\/wp-json\/wp\/v2\/media\/1385"}],"wp:attachment":[{"href":"https:\/\/www.acrilfrasa.mx\/productosacrilicopolicarbonato\/wp-json\/wp\/v2\/media?parent=1232"}],"wp:term":[{"taxonomy":"product_brand","embeddable":true,"href":"https:\/\/www.acrilfrasa.mx\/productosacrilicopolicarbonato\/wp-json\/wp\/v2\/product_brand?post=1232"},{"taxonomy":"product_cat","embeddable":true,"href":"https:\/\/www.acrilfrasa.mx\/productosacrilicopolicarbonato\/wp-json\/wp\/v2\/product_cat?post=1232"},{"taxonomy":"product_tag","embeddable":true,"href":"https:\/\/www.acrilfrasa.mx\/productosacrilicopolicarbonato\/wp-json\/wp\/v2\/product_tag?post=1232"}],"curies":[{"name":"wp","href":"https:\/\/api.w.org\/{rel}","templated":true}]}}