{"id":1248,"date":"2022-07-29T14:48:11","date_gmt":"2022-07-29T19:48:11","guid":{"rendered":"https:\/\/www.acrilfrasa.mx\/?post_type=product&#038;p=1248"},"modified":"2025-04-10T13:08:52","modified_gmt":"2025-04-10T19:08:52","slug":"lamina-acrilico-transparente-de-120-x-180-m-en-3mm","status":"publish","type":"product","link":"https:\/\/www.acrilfrasa.mx\/productosacrilicopolicarbonato\/laminasacrilico\/acrilico-transparente\/acrilico-cell-cast\/acrilico-de-3-mm\/lamina-acrilico-transparente-de-120-x-180-m-en-3mm\/","title":{"rendered":"L\u00e1mina de Acr\u00edlico transparente de 1.20 X 1.80 m en 3mm"},"content":{"rendered":"","protected":false},"excerpt":{"rendered":"<p><strong>Descripci\u00f3n: <\/strong>La <a href=\"https:\/\/www.acrilfrasa.mx\/Acrilico\/Laminas-Acrilico.php\">l\u00e1mina de acr\u00edlico<\/a> es un material que tiene una gran variedad de usos debido a su transparencia y facilidad de corte. El material puede ser moldeado y doblado para hacer dise\u00f1os sobre la l\u00e1mina o incluso en 3D. Su capacidad de difundir cualquier luz a trav\u00e9s de todo el material lo hace una gran opci\u00f3n para anuncios con iluminaci\u00f3n y publicidad.<\/p>\n<p><strong>Caracter\u00edsticas:\u00a0<\/strong>Apto para corte con laser, CRI CUT y herramientas el\u00e9ctricas.\u00daselo para sus proyectos de artesan\u00eda o se\u00f1alizaci\u00f3n comercial. Ideal para vitrinas, decoraci\u00f3n del hogar y estanter\u00edas. Duradero, resistente a la intemperie y a los rayos UV. Uso para interiores o exteriores<\/p>\n<p><strong>Color:<\/strong> Transparente<\/p>\n<p><strong>Material:<\/strong> Acr\u00edlico 100%<\/p>\n<p><strong>Medidas: <\/strong>Ancho: 1.20 m | Largo: 1.80 m | Espesor: 3 mm<\/p>\n<p>En nuestra tienda, ofrecemos una amplia variedad de art\u00edculos hechos con acr\u00edlico. Contamos con opciones como la l\u00e1mina de acr\u00edlico, ideal para diversos usos en el hogar o en proyectos de bricolaje.<\/p>\n<p>Uno de nuestros productos estrella es el acr\u00edlico transparente, que destaca por su versatilidad y durabilidad. Ofrecemos este producto en varias dimensiones, incluido el popular acr\u00edlico transparente de 3 mm.<\/p>\n<p>El precio m2 de acr\u00edlico transparente es altamente competitivo, lo que lo convierte en una opci\u00f3n ideal para quienes buscan calidad a un buen precio. Cuando realices tu pedido, te aseguramos un env\u00edo r\u00e1pido y seguro. Nuestro servicio de entrega es eficiente y confiable, asegurando que tus productos lleguen en perfectas condiciones.<\/p>\n<p>En nuestra p\u00e1gina web puedes encontrar mas informaci\u00f3n sobre <a href=\"https:\/\/www.acrilfrasa.mx\/Acrilico\/\">Acr\u00edlico<\/a>, <a href=\"https:\/\/www.acrilfrasa.mx\/Policarbonato\/\">Policarbonato<\/a> (<a href=\"https:\/\/www.acrilfrasa.mx\/Policarbonato\/beneficios-ventajas-domos-policarbonato.php\">Beneficios y Ventajas<\/a>),\u00a0 <a href=\"https:\/\/www.acrilfrasa.mx\/Acrilico\/Mamparas-Acrilico.php\">Mamparas<\/a>, Canceles y mucho mas&#8230;.<\/p>\n","protected":false},"featured_media":1384,"template":"","meta":[],"product_brand":[],"product_cat":[121,123],"product_tag":[],"class_list":{"0":"post-1248","1":"product","2":"type-product","3":"status-publish","4":"has-post-thumbnail","6":"product_cat-acrilico-cell-cast","7":"product_cat-acrilico-de-3-mm","9":"first","10":"instock","11":"taxable","12":"shipping-taxable","13":"purchasable","14":"product-type-simple"},"yoast_head":"<!-- This site is optimized with the Yoast SEO plugin v27.4 - https:\/\/yoast.com\/product\/yoast-seo-wordpress\/ -->\n<title>Acr\u00edlico Transparente 1.20x1.80m, 3mm - Duradero | Acrilfrasa<\/title>\n<meta name=\"description\" content=\"El Acr\u00edlico Transparente de 1.20x1.80m, 3mm es ideal para tus proyectos y publicidad. Perfecto para dise\u00f1os en 3D, techados, anuncios iluminados y m\u00e1s.\" \/>\n<meta name=\"robots\" content=\"index, follow, max-snippet:-1, max-image-preview:large, max-video-preview:-1\" \/>\n<link rel=\"canonical\" href=\"https:\/\/www.acrilfrasa.mx\/productosacrilicopolicarbonato\/laminasacrilico\/acrilico-transparente\/acrilico-cell-cast\/acrilico-de-3-mm\/lamina-acrilico-transparente-de-120-x-180-m-en-3mm\/\" \/>\n<meta property=\"og:locale\" content=\"es_MX\" \/>\n<meta property=\"og:type\" content=\"article\" \/>\n<meta property=\"og:title\" content=\"Acr\u00edlico Transparente 1.20x1.80m, 3mm - Duradero | Acrilfrasa\" \/>\n<meta property=\"og:description\" content=\"El Acr\u00edlico Transparente de 1.20x1.80m, 3mm es ideal para tus proyectos y publicidad. Perfecto para dise\u00f1os en 3D, techados, anuncios iluminados y m\u00e1s.\" \/>\n<meta property=\"og:url\" content=\"https:\/\/www.acrilfrasa.mx\/productosacrilicopolicarbonato\/laminasacrilico\/acrilico-transparente\/acrilico-cell-cast\/acrilico-de-3-mm\/lamina-acrilico-transparente-de-120-x-180-m-en-3mm\/\" \/>\n<meta property=\"og:site_name\" content=\"Acrilfrasa\" \/>\n<meta property=\"article:publisher\" content=\"https:\/\/www.facebook.com\/acrilfrasa\" \/>\n<meta property=\"article:modified_time\" content=\"2025-04-10T19:08:52+00:00\" \/>\n<meta property=\"og:image\" content=\"https:\/\/www.acrilfrasa.mx\/productosacrilicopolicarbonato\/wp-content\/uploads\/cristal-3mm-a-scaled.jpg\" \/>\n\t<meta property=\"og:image:width\" content=\"2560\" \/>\n\t<meta property=\"og:image:height\" content=\"1707\" \/>\n\t<meta property=\"og:image:type\" content=\"image\/jpeg\" \/>\n<meta name=\"twitter:card\" content=\"summary_large_image\" \/>\n<meta name=\"twitter:site\" content=\"@acrilfrasamx\" \/>\n<meta name=\"twitter:label1\" content=\"Tiempo de lectura\" \/>\n\t<meta name=\"twitter:data1\" content=\"1 minuto\" \/>\n<script type=\"application\/ld+json\" class=\"yoast-schema-graph\">{\"@context\":\"https:\\\/\\\/schema.org\",\"@graph\":[{\"@type\":\"WebPage\",\"@id\":\"https:\\\/\\\/www.acrilfrasa.mx\\\/productosacrilicopolicarbonato\\\/laminasacrilico\\\/acrilico-transparente\\\/acrilico-cell-cast\\\/acrilico-de-3-mm\\\/lamina-acrilico-transparente-de-120-x-180-m-en-3mm\\\/\",\"url\":\"https:\\\/\\\/www.acrilfrasa.mx\\\/productosacrilicopolicarbonato\\\/laminasacrilico\\\/acrilico-transparente\\\/acrilico-cell-cast\\\/acrilico-de-3-mm\\\/lamina-acrilico-transparente-de-120-x-180-m-en-3mm\\\/\",\"name\":\"Acr\u00edlico Transparente 1.20x1.80m, 3mm - Duradero | Acrilfrasa\",\"isPartOf\":{\"@id\":\"https:\\\/\\\/www.acrilfrasa.mx\\\/productosacrilicopolicarbonato\\\/#website\"},\"primaryImageOfPage\":{\"@id\":\"https:\\\/\\\/www.acrilfrasa.mx\\\/productosacrilicopolicarbonato\\\/laminasacrilico\\\/acrilico-transparente\\\/acrilico-cell-cast\\\/acrilico-de-3-mm\\\/lamina-acrilico-transparente-de-120-x-180-m-en-3mm\\\/#primaryimage\"},\"image\":{\"@id\":\"https:\\\/\\\/www.acrilfrasa.mx\\\/productosacrilicopolicarbonato\\\/laminasacrilico\\\/acrilico-transparente\\\/acrilico-cell-cast\\\/acrilico-de-3-mm\\\/lamina-acrilico-transparente-de-120-x-180-m-en-3mm\\\/#primaryimage\"},\"thumbnailUrl\":\"https:\\\/\\\/www.acrilfrasa.mx\\\/productosacrilicopolicarbonato\\\/wp-content\\\/uploads\\\/cristal-3mm-a-scaled.jpg\",\"datePublished\":\"2022-07-29T19:48:11+00:00\",\"dateModified\":\"2025-04-10T19:08:52+00:00\",\"description\":\"El Acr\u00edlico Transparente de 1.20x1.80m, 3mm es ideal para tus proyectos y publicidad. Perfecto para dise\u00f1os en 3D, techados, anuncios iluminados y m\u00e1s.\",\"breadcrumb\":{\"@id\":\"https:\\\/\\\/www.acrilfrasa.mx\\\/productosacrilicopolicarbonato\\\/laminasacrilico\\\/acrilico-transparente\\\/acrilico-cell-cast\\\/acrilico-de-3-mm\\\/lamina-acrilico-transparente-de-120-x-180-m-en-3mm\\\/#breadcrumb\"},\"inLanguage\":\"es\",\"potentialAction\":[{\"@type\":\"ReadAction\",\"target\":[\"https:\\\/\\\/www.acrilfrasa.mx\\\/productosacrilicopolicarbonato\\\/laminasacrilico\\\/acrilico-transparente\\\/acrilico-cell-cast\\\/acrilico-de-3-mm\\\/lamina-acrilico-transparente-de-120-x-180-m-en-3mm\\\/\"]}]},{\"@type\":\"ImageObject\",\"inLanguage\":\"es\",\"@id\":\"https:\\\/\\\/www.acrilfrasa.mx\\\/productosacrilicopolicarbonato\\\/laminasacrilico\\\/acrilico-transparente\\\/acrilico-cell-cast\\\/acrilico-de-3-mm\\\/lamina-acrilico-transparente-de-120-x-180-m-en-3mm\\\/#primaryimage\",\"url\":\"https:\\\/\\\/www.acrilfrasa.mx\\\/productosacrilicopolicarbonato\\\/wp-content\\\/uploads\\\/cristal-3mm-a-scaled.jpg\",\"contentUrl\":\"https:\\\/\\\/www.acrilfrasa.mx\\\/productosacrilicopolicarbonato\\\/wp-content\\\/uploads\\\/cristal-3mm-a-scaled.jpg\",\"width\":2560,\"height\":1707,\"caption\":\"Acrilico | lamina de acrilico transparente\"},{\"@type\":\"BreadcrumbList\",\"@id\":\"https:\\\/\\\/www.acrilfrasa.mx\\\/productosacrilicopolicarbonato\\\/laminasacrilico\\\/acrilico-transparente\\\/acrilico-cell-cast\\\/acrilico-de-3-mm\\\/lamina-acrilico-transparente-de-120-x-180-m-en-3mm\\\/#breadcrumb\",\"itemListElement\":[{\"@type\":\"ListItem\",\"position\":1,\"name\":\"Inicio\",\"item\":\"https:\\\/\\\/www.acrilfrasa.mx\\\/productosacrilicopolicarbonato\\\/\"},{\"@type\":\"ListItem\",\"position\":2,\"name\":\"Tienda\",\"item\":\"https:\\\/\\\/www.acrilfrasa.mx\\\/productosacrilicopolicarbonato\\\/\"},{\"@type\":\"ListItem\",\"position\":3,\"name\":\"L\u00e1mina de Acr\u00edlico transparente de 1.20 X 1.80 m en 3mm\"}]},{\"@type\":\"WebSite\",\"@id\":\"https:\\\/\\\/www.acrilfrasa.mx\\\/productosacrilicopolicarbonato\\\/#website\",\"url\":\"https:\\\/\\\/www.acrilfrasa.mx\\\/productosacrilicopolicarbonato\\\/\",\"name\":\"Acrilfrasa\",\"description\":\"Somos fabricantes y distribuidores de domos a todo M\u00e9xico. Trabajamos con acr\u00edlico y policarbonato de alta calidad. Cons\u00faltanos hoy mismo\",\"publisher\":{\"@id\":\"https:\\\/\\\/www.acrilfrasa.mx\\\/productosacrilicopolicarbonato\\\/#organization\"},\"potentialAction\":[{\"@type\":\"SearchAction\",\"target\":{\"@type\":\"EntryPoint\",\"urlTemplate\":\"https:\\\/\\\/www.acrilfrasa.mx\\\/productosacrilicopolicarbonato\\\/?s={search_term_string}\"},\"query-input\":{\"@type\":\"PropertyValueSpecification\",\"valueRequired\":true,\"valueName\":\"search_term_string\"}}],\"inLanguage\":\"es\"},{\"@type\":\"Organization\",\"@id\":\"https:\\\/\\\/www.acrilfrasa.mx\\\/productosacrilicopolicarbonato\\\/#organization\",\"name\":\"Acrilfrasa\",\"url\":\"https:\\\/\\\/www.acrilfrasa.mx\\\/productosacrilicopolicarbonato\\\/\",\"logo\":{\"@type\":\"ImageObject\",\"inLanguage\":\"es\",\"@id\":\"https:\\\/\\\/www.acrilfrasa.mx\\\/productosacrilicopolicarbonato\\\/#\\\/schema\\\/logo\\\/image\\\/\",\"url\":\"https:\\\/\\\/www.acrilfrasa.mx\\\/wp-content\\\/uploads\\\/acrilfrasa.webp\",\"contentUrl\":\"https:\\\/\\\/www.acrilfrasa.mx\\\/wp-content\\\/uploads\\\/acrilfrasa.webp\",\"width\":90,\"height\":100,\"caption\":\"Acrilfrasa\"},\"image\":{\"@id\":\"https:\\\/\\\/www.acrilfrasa.mx\\\/productosacrilicopolicarbonato\\\/#\\\/schema\\\/logo\\\/image\\\/\"},\"sameAs\":[\"https:\\\/\\\/www.facebook.com\\\/acrilfrasa\",\"https:\\\/\\\/x.com\\\/acrilfrasamx\"]}]}<\/script>\n<!-- \/ Yoast SEO plugin. -->","yoast_head_json":{"title":"Acr\u00edlico Transparente 1.20x1.80m, 3mm - Duradero | Acrilfrasa","description":"El Acr\u00edlico Transparente de 1.20x1.80m, 3mm es ideal para tus proyectos y publicidad. Perfecto para dise\u00f1os en 3D, techados, anuncios iluminados y m\u00e1s.","robots":{"index":"index","follow":"follow","max-snippet":"max-snippet:-1","max-image-preview":"max-image-preview:large","max-video-preview":"max-video-preview:-1"},"canonical":"https:\/\/www.acrilfrasa.mx\/productosacrilicopolicarbonato\/laminasacrilico\/acrilico-transparente\/acrilico-cell-cast\/acrilico-de-3-mm\/lamina-acrilico-transparente-de-120-x-180-m-en-3mm\/","og_locale":"es_MX","og_type":"article","og_title":"Acr\u00edlico Transparente 1.20x1.80m, 3mm - Duradero | Acrilfrasa","og_description":"El Acr\u00edlico Transparente de 1.20x1.80m, 3mm es ideal para tus proyectos y publicidad. Perfecto para dise\u00f1os en 3D, techados, anuncios iluminados y m\u00e1s.","og_url":"https:\/\/www.acrilfrasa.mx\/productosacrilicopolicarbonato\/laminasacrilico\/acrilico-transparente\/acrilico-cell-cast\/acrilico-de-3-mm\/lamina-acrilico-transparente-de-120-x-180-m-en-3mm\/","og_site_name":"Acrilfrasa","article_publisher":"https:\/\/www.facebook.com\/acrilfrasa","article_modified_time":"2025-04-10T19:08:52+00:00","og_image":[{"width":2560,"height":1707,"url":"https:\/\/www.acrilfrasa.mx\/productosacrilicopolicarbonato\/wp-content\/uploads\/cristal-3mm-a-scaled.jpg","type":"image\/jpeg"}],"twitter_card":"summary_large_image","twitter_site":"@acrilfrasamx","twitter_misc":{"Tiempo de lectura":"1 minuto"},"schema":{"@context":"https:\/\/schema.org","@graph":[{"@type":"WebPage","@id":"https:\/\/www.acrilfrasa.mx\/productosacrilicopolicarbonato\/laminasacrilico\/acrilico-transparente\/acrilico-cell-cast\/acrilico-de-3-mm\/lamina-acrilico-transparente-de-120-x-180-m-en-3mm\/","url":"https:\/\/www.acrilfrasa.mx\/productosacrilicopolicarbonato\/laminasacrilico\/acrilico-transparente\/acrilico-cell-cast\/acrilico-de-3-mm\/lamina-acrilico-transparente-de-120-x-180-m-en-3mm\/","name":"Acr\u00edlico Transparente 1.20x1.80m, 3mm - Duradero | Acrilfrasa","isPartOf":{"@id":"https:\/\/www.acrilfrasa.mx\/productosacrilicopolicarbonato\/#website"},"primaryImageOfPage":{"@id":"https:\/\/www.acrilfrasa.mx\/productosacrilicopolicarbonato\/laminasacrilico\/acrilico-transparente\/acrilico-cell-cast\/acrilico-de-3-mm\/lamina-acrilico-transparente-de-120-x-180-m-en-3mm\/#primaryimage"},"image":{"@id":"https:\/\/www.acrilfrasa.mx\/productosacrilicopolicarbonato\/laminasacrilico\/acrilico-transparente\/acrilico-cell-cast\/acrilico-de-3-mm\/lamina-acrilico-transparente-de-120-x-180-m-en-3mm\/#primaryimage"},"thumbnailUrl":"https:\/\/www.acrilfrasa.mx\/productosacrilicopolicarbonato\/wp-content\/uploads\/cristal-3mm-a-scaled.jpg","datePublished":"2022-07-29T19:48:11+00:00","dateModified":"2025-04-10T19:08:52+00:00","description":"El Acr\u00edlico Transparente de 1.20x1.80m, 3mm es ideal para tus proyectos y publicidad. Perfecto para dise\u00f1os en 3D, techados, anuncios iluminados y m\u00e1s.","breadcrumb":{"@id":"https:\/\/www.acrilfrasa.mx\/productosacrilicopolicarbonato\/laminasacrilico\/acrilico-transparente\/acrilico-cell-cast\/acrilico-de-3-mm\/lamina-acrilico-transparente-de-120-x-180-m-en-3mm\/#breadcrumb"},"inLanguage":"es","potentialAction":[{"@type":"ReadAction","target":["https:\/\/www.acrilfrasa.mx\/productosacrilicopolicarbonato\/laminasacrilico\/acrilico-transparente\/acrilico-cell-cast\/acrilico-de-3-mm\/lamina-acrilico-transparente-de-120-x-180-m-en-3mm\/"]}]},{"@type":"ImageObject","inLanguage":"es","@id":"https:\/\/www.acrilfrasa.mx\/productosacrilicopolicarbonato\/laminasacrilico\/acrilico-transparente\/acrilico-cell-cast\/acrilico-de-3-mm\/lamina-acrilico-transparente-de-120-x-180-m-en-3mm\/#primaryimage","url":"https:\/\/www.acrilfrasa.mx\/productosacrilicopolicarbonato\/wp-content\/uploads\/cristal-3mm-a-scaled.jpg","contentUrl":"https:\/\/www.acrilfrasa.mx\/productosacrilicopolicarbonato\/wp-content\/uploads\/cristal-3mm-a-scaled.jpg","width":2560,"height":1707,"caption":"Acrilico | lamina de acrilico transparente"},{"@type":"BreadcrumbList","@id":"https:\/\/www.acrilfrasa.mx\/productosacrilicopolicarbonato\/laminasacrilico\/acrilico-transparente\/acrilico-cell-cast\/acrilico-de-3-mm\/lamina-acrilico-transparente-de-120-x-180-m-en-3mm\/#breadcrumb","itemListElement":[{"@type":"ListItem","position":1,"name":"Inicio","item":"https:\/\/www.acrilfrasa.mx\/productosacrilicopolicarbonato\/"},{"@type":"ListItem","position":2,"name":"Tienda","item":"https:\/\/www.acrilfrasa.mx\/productosacrilicopolicarbonato\/"},{"@type":"ListItem","position":3,"name":"L\u00e1mina de Acr\u00edlico transparente de 1.20 X 1.80 m en 3mm"}]},{"@type":"WebSite","@id":"https:\/\/www.acrilfrasa.mx\/productosacrilicopolicarbonato\/#website","url":"https:\/\/www.acrilfrasa.mx\/productosacrilicopolicarbonato\/","name":"Acrilfrasa","description":"Somos fabricantes y distribuidores de domos a todo M\u00e9xico. Trabajamos con acr\u00edlico y policarbonato de alta calidad. Cons\u00faltanos hoy mismo","publisher":{"@id":"https:\/\/www.acrilfrasa.mx\/productosacrilicopolicarbonato\/#organization"},"potentialAction":[{"@type":"SearchAction","target":{"@type":"EntryPoint","urlTemplate":"https:\/\/www.acrilfrasa.mx\/productosacrilicopolicarbonato\/?s={search_term_string}"},"query-input":{"@type":"PropertyValueSpecification","valueRequired":true,"valueName":"search_term_string"}}],"inLanguage":"es"},{"@type":"Organization","@id":"https:\/\/www.acrilfrasa.mx\/productosacrilicopolicarbonato\/#organization","name":"Acrilfrasa","url":"https:\/\/www.acrilfrasa.mx\/productosacrilicopolicarbonato\/","logo":{"@type":"ImageObject","inLanguage":"es","@id":"https:\/\/www.acrilfrasa.mx\/productosacrilicopolicarbonato\/#\/schema\/logo\/image\/","url":"https:\/\/www.acrilfrasa.mx\/wp-content\/uploads\/acrilfrasa.webp","contentUrl":"https:\/\/www.acrilfrasa.mx\/wp-content\/uploads\/acrilfrasa.webp","width":90,"height":100,"caption":"Acrilfrasa"},"image":{"@id":"https:\/\/www.acrilfrasa.mx\/productosacrilicopolicarbonato\/#\/schema\/logo\/image\/"},"sameAs":["https:\/\/www.facebook.com\/acrilfrasa","https:\/\/x.com\/acrilfrasamx"]}]}},"_links":{"self":[{"href":"https:\/\/www.acrilfrasa.mx\/productosacrilicopolicarbonato\/wp-json\/wp\/v2\/product\/1248","targetHints":{"allow":["GET"]}}],"collection":[{"href":"https:\/\/www.acrilfrasa.mx\/productosacrilicopolicarbonato\/wp-json\/wp\/v2\/product"}],"about":[{"href":"https:\/\/www.acrilfrasa.mx\/productosacrilicopolicarbonato\/wp-json\/wp\/v2\/types\/product"}],"wp:featuredmedia":[{"embeddable":true,"href":"https:\/\/www.acrilfrasa.mx\/productosacrilicopolicarbonato\/wp-json\/wp\/v2\/media\/1384"}],"wp:attachment":[{"href":"https:\/\/www.acrilfrasa.mx\/productosacrilicopolicarbonato\/wp-json\/wp\/v2\/media?parent=1248"}],"wp:term":[{"taxonomy":"product_brand","embeddable":true,"href":"https:\/\/www.acrilfrasa.mx\/productosacrilicopolicarbonato\/wp-json\/wp\/v2\/product_brand?post=1248"},{"taxonomy":"product_cat","embeddable":true,"href":"https:\/\/www.acrilfrasa.mx\/productosacrilicopolicarbonato\/wp-json\/wp\/v2\/product_cat?post=1248"},{"taxonomy":"product_tag","embeddable":true,"href":"https:\/\/www.acrilfrasa.mx\/productosacrilicopolicarbonato\/wp-json\/wp\/v2\/product_tag?post=1248"}],"curies":[{"name":"wp","href":"https:\/\/api.w.org\/{rel}","templated":true}]}}