{"id":1253,"date":"2022-07-29T14:54:21","date_gmt":"2022-07-29T19:54:21","guid":{"rendered":"https:\/\/www.acrilfrasa.mx\/?post_type=product&#038;p=1253"},"modified":"2025-04-10T13:01:52","modified_gmt":"2025-04-10T19:01:52","slug":"lamina-acrilico-blanco-opalino-de-120-x-240-m-en-3mm","status":"publish","type":"product","link":"https:\/\/www.acrilfrasa.mx\/productosacrilicopolicarbonato\/laminasacrilico\/acrilico-blanco\/acrilico-blanco-z01\/acrilico-blanco-opalino-z01-de-3-mm\/lamina-acrilico-blanco-opalino-de-120-x-240-m-en-3mm\/","title":{"rendered":"L\u00e1mina de Acr\u00edlico blanco opalino de 1.20 X 2.40 m en 3mm"},"content":{"rendered":"","protected":false},"excerpt":{"rendered":"<p><strong>Descripci\u00f3n: <\/strong>La l\u00e1mina de acr\u00edlico blanco es un material que tiene una gran variedad de usos en construcci\u00f3n y publicidad. El material puede ser moldeado y doblado para hacer dise\u00f1os sobre la l\u00e1mina o incluso en 3D. El material permite el paso de la luz pero no se puede ver a trav\u00e9s de \u00e9l lo que lo hace ideal para techados, plafones o canceles. Su capacidad de difundir la luz a trav\u00e9s de todo el material lo hace una gran opci\u00f3n para anuncios con iluminaci\u00f3n y publicidad.<\/p>\n<p><strong>Caracter\u00edsticas:\u00a0<\/strong>Apto para corte con laser, CRI CUT y herramientas el\u00e9ctricas. \u00daselo para sus proyectos de artesan\u00eda o se\u00f1alizaci\u00f3n comercial. Ideal para vitrinas, decoraci\u00f3n del hogar y estanter\u00edas. Duradero, resistente a la intemperie y a los rayos UV. Uso para interiores o exteriores<\/p>\n<p><strong>Color:<\/strong> Blanco<\/p>\n<p><strong>Material:<\/strong> Acr\u00edlico 100%<\/p>\n<p><strong>Medidas:\u00a0<\/strong>Ancho: 1.20 m | Largo: 2.40 m | Espesor: 3 mm<\/p>\n<p>En nuestra p\u00e1gina web puedes encontrar mas informaci\u00f3n sobre <a href=\"https:\/\/www.acrilfrasa.mx\/Acrilico\/\">Acr\u00edlico<\/a>, <a href=\"https:\/\/www.acrilfrasa.mx\/Policarbonato\/\">Policarbonato<\/a>, Canceles y mucho mas&#8230;.<\/p>\n","protected":false},"featured_media":1383,"comment_status":"closed","ping_status":"closed","template":"","meta":[],"product_brand":[],"product_cat":[48,132],"product_tag":[],"class_list":{"0":"post-1253","1":"product","2":"type-product","3":"status-publish","4":"has-post-thumbnail","6":"product_cat-acrilico-blanco","7":"product_cat-acrilico-blanco-opalino-z01-de-3-mm","9":"first","10":"instock","11":"taxable","12":"shipping-taxable","13":"purchasable","14":"product-type-simple"},"_links":{"self":[{"href":"https:\/\/www.acrilfrasa.mx\/productosacrilicopolicarbonato\/wp-json\/wp\/v2\/product\/1253","targetHints":{"allow":["GET"]}}],"collection":[{"href":"https:\/\/www.acrilfrasa.mx\/productosacrilicopolicarbonato\/wp-json\/wp\/v2\/product"}],"about":[{"href":"https:\/\/www.acrilfrasa.mx\/productosacrilicopolicarbonato\/wp-json\/wp\/v2\/types\/product"}],"replies":[{"embeddable":true,"href":"https:\/\/www.acrilfrasa.mx\/productosacrilicopolicarbonato\/wp-json\/wp\/v2\/comments?post=1253"}],"wp:featuredmedia":[{"embeddable":true,"href":"https:\/\/www.acrilfrasa.mx\/productosacrilicopolicarbonato\/wp-json\/wp\/v2\/media\/1383"}],"wp:attachment":[{"href":"https:\/\/www.acrilfrasa.mx\/productosacrilicopolicarbonato\/wp-json\/wp\/v2\/media?parent=1253"}],"wp:term":[{"taxonomy":"product_brand","embeddable":true,"href":"https:\/\/www.acrilfrasa.mx\/productosacrilicopolicarbonato\/wp-json\/wp\/v2\/product_brand?post=1253"},{"taxonomy":"product_cat","embeddable":true,"href":"https:\/\/www.acrilfrasa.mx\/productosacrilicopolicarbonato\/wp-json\/wp\/v2\/product_cat?post=1253"},{"taxonomy":"product_tag","embeddable":true,"href":"https:\/\/www.acrilfrasa.mx\/productosacrilicopolicarbonato\/wp-json\/wp\/v2\/product_tag?post=1253"}],"curies":[{"name":"wp","href":"https:\/\/api.w.org\/{rel}","templated":true}]}}