{"id":1529,"date":"2023-07-01T12:47:50","date_gmt":"2023-07-01T18:47:50","guid":{"rendered":"https:\/\/www.acrilfrasa.mx\/tienda\/?post_type=product&#038;p=1529"},"modified":"2026-02-25T15:42:21","modified_gmt":"2026-02-25T21:42:21","slug":"plastico-olivo-blanco-70x180cm-2-6mm-ligero-y-economico-acrilfrasa","status":"publish","type":"product","link":"https:\/\/www.acrilfrasa.mx\/productosacrilicopolicarbonato\/canceleslaminasplastico\/plastico-olivo\/plastico-olivo-blanco\/plastico-olivo-blanco-70x180cm-2-6mm-ligero-y-economico-acrilfrasa\/","title":{"rendered":"Pl\u00e1stico Olivo Blanco de 70 X 180 cm en 2.6mm"},"content":{"rendered":"","protected":false},"excerpt":{"rendered":"<p><strong>Descripci\u00f3n:<\/strong> El pl\u00e1stico es un material dise\u00f1ado para instalarse como cancel de ba\u00f1o o plaf\u00f3n. Es una alternativa m\u00e1s ligera y econ\u00f3mica que el vidrio.<\/p>\n<p><strong>Caracter\u00edsticas:\u00a0<\/strong>Ligero,\u00a0Econ\u00f3mico,\u00a0Apto s\u00f3lo para uso en interiores<\/p>\n<p><strong>Material:<\/strong> Poliestireno 100%<\/p>\n<p><strong>Color:<\/strong> Blanco<\/p>\n<p><strong>Medidas:\u00a0<\/strong>Ancho: 70 cm |\u00a0Largo: 180 cm |\u00a0Espesor: 2.6 mm<\/p>\n<p>En nuestra p\u00e1gina web puedes encontrar mas informaci\u00f3n sobre <a href=\"https:\/\/www.acrilfrasa.mx\/Acrilico\/\">Acr\u00edlico<\/a>, <a href=\"https:\/\/www.acrilfrasa.mx\/Policarbonato\/\">Policarbonato<\/a>, <a href=\"https:\/\/www.acrilfrasa.mx\/canceles-para-bano-cristal-templado-plastico.php\">Canceles<\/a>, <a href=\"https:\/\/www.acrilfrasa.mx\/\">Domos<\/a> y mucho mas&#8230;.<\/p>\n","protected":false},"featured_media":1535,"comment_status":"closed","ping_status":"closed","template":"","meta":[],"product_brand":[],"product_cat":[38,55,106],"product_tag":[],"class_list":{"0":"post-1529","1":"product","2":"type-product","3":"status-publish","4":"has-post-thumbnail","6":"product_cat-plastico-de-70-x-180-cm-en-2-6mm","7":"product_cat-plastico-olivo","8":"product_cat-plastico-olivo-blanco","10":"first","11":"instock","12":"taxable","13":"shipping-taxable","14":"purchasable","15":"product-type-simple"},"_links":{"self":[{"href":"https:\/\/www.acrilfrasa.mx\/productosacrilicopolicarbonato\/wp-json\/wp\/v2\/product\/1529","targetHints":{"allow":["GET"]}}],"collection":[{"href":"https:\/\/www.acrilfrasa.mx\/productosacrilicopolicarbonato\/wp-json\/wp\/v2\/product"}],"about":[{"href":"https:\/\/www.acrilfrasa.mx\/productosacrilicopolicarbonato\/wp-json\/wp\/v2\/types\/product"}],"replies":[{"embeddable":true,"href":"https:\/\/www.acrilfrasa.mx\/productosacrilicopolicarbonato\/wp-json\/wp\/v2\/comments?post=1529"}],"wp:featuredmedia":[{"embeddable":true,"href":"https:\/\/www.acrilfrasa.mx\/productosacrilicopolicarbonato\/wp-json\/wp\/v2\/media\/1535"}],"wp:attachment":[{"href":"https:\/\/www.acrilfrasa.mx\/productosacrilicopolicarbonato\/wp-json\/wp\/v2\/media?parent=1529"}],"wp:term":[{"taxonomy":"product_brand","embeddable":true,"href":"https:\/\/www.acrilfrasa.mx\/productosacrilicopolicarbonato\/wp-json\/wp\/v2\/product_brand?post=1529"},{"taxonomy":"product_cat","embeddable":true,"href":"https:\/\/www.acrilfrasa.mx\/productosacrilicopolicarbonato\/wp-json\/wp\/v2\/product_cat?post=1529"},{"taxonomy":"product_tag","embeddable":true,"href":"https:\/\/www.acrilfrasa.mx\/productosacrilicopolicarbonato\/wp-json\/wp\/v2\/product_tag?post=1529"}],"curies":[{"name":"wp","href":"https:\/\/api.w.org\/{rel}","templated":true}]}}