{"id":1834,"date":"2023-09-12T03:32:33","date_gmt":"2023-09-12T09:32:33","guid":{"rendered":"https:\/\/www.acrilfrasa.mx\/productosacrilicopolicarbonato\/?post_type=product&#038;p=1834"},"modified":"2026-02-25T15:03:20","modified_gmt":"2026-02-25T21:03:20","slug":"plastico-quasar-azul-de-70-x-180-cm-en-2-6mm","status":"publish","type":"product","link":"https:\/\/www.acrilfrasa.mx\/productosacrilicopolicarbonato\/canceleslaminasplastico\/plastico-quasar\/plastico-quasar-azul\/plastico-quasar-azul-de-70-x-180-cm-en-2-6mm\/","title":{"rendered":"Pl\u00e1stico Quasar Azul de 70 X 180 cm en 2.6mm"},"content":{"rendered":"","protected":false},"excerpt":{"rendered":"<p><strong>Descripci\u00f3n:<\/strong> El pl\u00e1stico es un material dise\u00f1ado para instalarse como cancel de ba\u00f1o o plaf\u00f3n. Es una alternativa m\u00e1s ligera y econ\u00f3mica que el vidrio.<\/p>\n<p><strong>Caracter\u00edsticas:\u00a0<\/strong>Ligero,\u00a0Econ\u00f3mico,\u00a0Apto s\u00f3lo para uso en interiores<\/p>\n<p><strong>Material:<\/strong> Poliestireno 100%<\/p>\n<p><strong>Color:<\/strong> Azul<\/p>\n<p><strong>Medidas:\u00a0<\/strong>Ancho: 70 cm | Largo: 180 cm | Espesor: 2.6 mm<\/p>\n<p>En nuestra p\u00e1gina web puedes encontrar mas informaci\u00f3n sobre <a href=\"https:\/\/www.acrilfrasa.mx\/Acrilico\/\">Acr\u00edlico<\/a>, <a href=\"https:\/\/www.acrilfrasa.mx\/Policarbonato\/\">Policarbonato<\/a>, <a href=\"https:\/\/www.acrilfrasa.mx\/canceles-para-bano-cristal-templado-plastico.php\">Canceles<\/a>, <a href=\"https:\/\/www.acrilfrasa.mx\/\">Domos<\/a> y mucho mas&#8230;.<\/p>\n<ul>\n<li><a href=\"https:\/\/www.acrilfrasa.mx\/Policarbonato\/beneficios-ventajas-domos-policarbonato.php\">Beneficios y ventaja de los domos de policarbonato<\/a><\/li>\n<\/ul>\n","protected":false},"featured_media":1456,"comment_status":"closed","ping_status":"closed","template":"","meta":[],"product_brand":[],"product_cat":[30,38,60,115],"product_tag":[],"class_list":{"0":"post-1834","1":"product","2":"type-product","3":"status-publish","4":"has-post-thumbnail","6":"product_cat-canceleslaminasplastico","7":"product_cat-plastico-de-70-x-180-cm-en-2-6mm","8":"product_cat-plastico-quasar","9":"product_cat-plastico-quasar-azul","11":"first","12":"instock","13":"taxable","14":"shipping-taxable","15":"purchasable","16":"product-type-simple"},"_links":{"self":[{"href":"https:\/\/www.acrilfrasa.mx\/productosacrilicopolicarbonato\/wp-json\/wp\/v2\/product\/1834","targetHints":{"allow":["GET"]}}],"collection":[{"href":"https:\/\/www.acrilfrasa.mx\/productosacrilicopolicarbonato\/wp-json\/wp\/v2\/product"}],"about":[{"href":"https:\/\/www.acrilfrasa.mx\/productosacrilicopolicarbonato\/wp-json\/wp\/v2\/types\/product"}],"replies":[{"embeddable":true,"href":"https:\/\/www.acrilfrasa.mx\/productosacrilicopolicarbonato\/wp-json\/wp\/v2\/comments?post=1834"}],"wp:featuredmedia":[{"embeddable":true,"href":"https:\/\/www.acrilfrasa.mx\/productosacrilicopolicarbonato\/wp-json\/wp\/v2\/media\/1456"}],"wp:attachment":[{"href":"https:\/\/www.acrilfrasa.mx\/productosacrilicopolicarbonato\/wp-json\/wp\/v2\/media?parent=1834"}],"wp:term":[{"taxonomy":"product_brand","embeddable":true,"href":"https:\/\/www.acrilfrasa.mx\/productosacrilicopolicarbonato\/wp-json\/wp\/v2\/product_brand?post=1834"},{"taxonomy":"product_cat","embeddable":true,"href":"https:\/\/www.acrilfrasa.mx\/productosacrilicopolicarbonato\/wp-json\/wp\/v2\/product_cat?post=1834"},{"taxonomy":"product_tag","embeddable":true,"href":"https:\/\/www.acrilfrasa.mx\/productosacrilicopolicarbonato\/wp-json\/wp\/v2\/product_tag?post=1834"}],"curies":[{"name":"wp","href":"https:\/\/api.w.org\/{rel}","templated":true}]}}