{"id":2058,"date":"2023-09-19T08:34:46","date_gmt":"2023-09-19T14:34:46","guid":{"rendered":"https:\/\/www.acrilfrasa.mx\/productosacrilicopolicarbonato\/?post_type=product&#038;p=2058"},"modified":"2025-04-07T15:46:28","modified_gmt":"2025-04-07T21:46:28","slug":"lamina-de-acrilico-transparente-de-180-x-240-m-de-6mm","status":"publish","type":"product","link":"https:\/\/www.acrilfrasa.mx\/productosacrilicopolicarbonato\/laminasacrilico\/acrilico-transparente\/acrilico-cell-cast\/acrilico-de-6-mm\/lamina-de-acrilico-transparente-de-180-x-240-m-de-6mm\/","title":{"rendered":"L\u00e1mina de acr\u00edlico transparente de 1.80 X 2.40 m de 6mm"},"content":{"rendered":"","protected":false},"excerpt":{"rendered":"<p><strong>Descripci\u00f3n: <\/strong>Acr\u00edlico Cell-Cast ideal para corte con laser, CRI CUT y herramientas el\u00e9ctricas.<br \/>\n\u00daselo para sus proyectos de artesan\u00eda o se\u00f1alizaci\u00f3n comercial.<br \/>\nIdeal para vitrinas, decoraci\u00f3n del hogar y estanter\u00edas.<br \/>\nDuradero, resistente a la intemperie y a los rayos UV.<\/p>\n<p><strong>Medidas:\u00a0<\/strong>Ancho: 1.80 m | Largo: 2.40 m | Espesor: 6 mm<\/p>\n<p><strong>Material:<\/strong> Acr\u00edlico<\/p>\n<p><strong>Color<\/strong>: Transparente<\/p>\n<p>En nuestra p\u00e1gina web puedes encontrar mas informaci\u00f3n sobre <a href=\"https:\/\/www.acrilfrasa.mx\/Acrilico\/\">Acr\u00edlico<\/a>, <a href=\"https:\/\/www.acrilfrasa.mx\/Policarbonato\/\">Policarbonato<\/a>, Canceles y mucho mas&#8230;.<\/p>\n","protected":false},"featured_media":1387,"template":"","meta":[],"product_brand":[],"product_cat":[121,126],"product_tag":[],"class_list":{"0":"post-2058","1":"product","2":"type-product","3":"status-publish","4":"has-post-thumbnail","6":"product_cat-acrilico-cell-cast","7":"product_cat-acrilico-de-6-mm","9":"first","10":"instock","11":"taxable","12":"shipping-taxable","13":"purchasable","14":"product-type-simple"},"yoast_head":"<!-- This site is optimized with the Yoast SEO plugin v27.4 - https:\/\/yoast.com\/product\/yoast-seo-wordpress\/ -->\n<title>L\u00e1mina de Acr\u00edlico Transparente 1.80x2.40m, 6mm - | Acrilfrasa<\/title>\n<meta name=\"description\" content=\"La L\u00e1mina de Acr\u00edlico Transparente de 1.80x2.40m, 6mm es perfecta para cortes precisos con laser, CRI CUT y herramientas el\u00e9ctricas.\" \/>\n<meta name=\"robots\" content=\"index, follow, max-snippet:-1, max-image-preview:large, max-video-preview:-1\" \/>\n<link rel=\"canonical\" href=\"https:\/\/www.acrilfrasa.mx\/productosacrilicopolicarbonato\/laminasacrilico\/acrilico-transparente\/acrilico-cell-cast\/acrilico-de-6-mm\/lamina-de-acrilico-transparente-de-180-x-240-m-de-6mm\/\" \/>\n<meta property=\"og:locale\" content=\"es_MX\" \/>\n<meta property=\"og:type\" content=\"article\" \/>\n<meta property=\"og:title\" content=\"L\u00e1mina de Acr\u00edlico Transparente 1.80x2.40m, 6mm - | Acrilfrasa\" \/>\n<meta property=\"og:description\" content=\"La L\u00e1mina de Acr\u00edlico Transparente de 1.80x2.40m, 6mm es perfecta para cortes precisos con laser, CRI CUT y herramientas el\u00e9ctricas.\" \/>\n<meta property=\"og:url\" content=\"https:\/\/www.acrilfrasa.mx\/productosacrilicopolicarbonato\/laminasacrilico\/acrilico-transparente\/acrilico-cell-cast\/acrilico-de-6-mm\/lamina-de-acrilico-transparente-de-180-x-240-m-de-6mm\/\" \/>\n<meta property=\"og:site_name\" content=\"Acrilfrasa\" \/>\n<meta property=\"article:publisher\" content=\"https:\/\/www.facebook.com\/acrilfrasa\" \/>\n<meta property=\"article:modified_time\" content=\"2025-04-07T21:46:28+00:00\" \/>\n<meta property=\"og:image\" content=\"https:\/\/www.acrilfrasa.mx\/productosacrilicopolicarbonato\/wp-content\/uploads\/cristal-6mm-a-scaled.jpg\" \/>\n\t<meta property=\"og:image:width\" content=\"2560\" \/>\n\t<meta property=\"og:image:height\" content=\"1707\" \/>\n\t<meta property=\"og:image:type\" content=\"image\/jpeg\" \/>\n<meta name=\"twitter:card\" content=\"summary_large_image\" \/>\n<meta name=\"twitter:site\" content=\"@acrilfrasamx\" \/>\n<script type=\"application\/ld+json\" class=\"yoast-schema-graph\">{\"@context\":\"https:\\\/\\\/schema.org\",\"@graph\":[{\"@type\":\"WebPage\",\"@id\":\"https:\\\/\\\/www.acrilfrasa.mx\\\/productosacrilicopolicarbonato\\\/laminasacrilico\\\/acrilico-transparente\\\/acrilico-cell-cast\\\/acrilico-de-6-mm\\\/lamina-de-acrilico-transparente-de-180-x-240-m-de-6mm\\\/\",\"url\":\"https:\\\/\\\/www.acrilfrasa.mx\\\/productosacrilicopolicarbonato\\\/laminasacrilico\\\/acrilico-transparente\\\/acrilico-cell-cast\\\/acrilico-de-6-mm\\\/lamina-de-acrilico-transparente-de-180-x-240-m-de-6mm\\\/\",\"name\":\"L\u00e1mina de Acr\u00edlico Transparente 1.80x2.40m, 6mm - | Acrilfrasa\",\"isPartOf\":{\"@id\":\"https:\\\/\\\/www.acrilfrasa.mx\\\/productosacrilicopolicarbonato\\\/#website\"},\"primaryImageOfPage\":{\"@id\":\"https:\\\/\\\/www.acrilfrasa.mx\\\/productosacrilicopolicarbonato\\\/laminasacrilico\\\/acrilico-transparente\\\/acrilico-cell-cast\\\/acrilico-de-6-mm\\\/lamina-de-acrilico-transparente-de-180-x-240-m-de-6mm\\\/#primaryimage\"},\"image\":{\"@id\":\"https:\\\/\\\/www.acrilfrasa.mx\\\/productosacrilicopolicarbonato\\\/laminasacrilico\\\/acrilico-transparente\\\/acrilico-cell-cast\\\/acrilico-de-6-mm\\\/lamina-de-acrilico-transparente-de-180-x-240-m-de-6mm\\\/#primaryimage\"},\"thumbnailUrl\":\"https:\\\/\\\/www.acrilfrasa.mx\\\/productosacrilicopolicarbonato\\\/wp-content\\\/uploads\\\/cristal-6mm-a-scaled.jpg\",\"datePublished\":\"2023-09-19T14:34:46+00:00\",\"dateModified\":\"2025-04-07T21:46:28+00:00\",\"description\":\"La L\u00e1mina de Acr\u00edlico Transparente de 1.80x2.40m, 6mm es perfecta para cortes precisos con laser, CRI CUT y herramientas el\u00e9ctricas.\",\"breadcrumb\":{\"@id\":\"https:\\\/\\\/www.acrilfrasa.mx\\\/productosacrilicopolicarbonato\\\/laminasacrilico\\\/acrilico-transparente\\\/acrilico-cell-cast\\\/acrilico-de-6-mm\\\/lamina-de-acrilico-transparente-de-180-x-240-m-de-6mm\\\/#breadcrumb\"},\"inLanguage\":\"es\",\"potentialAction\":[{\"@type\":\"ReadAction\",\"target\":[\"https:\\\/\\\/www.acrilfrasa.mx\\\/productosacrilicopolicarbonato\\\/laminasacrilico\\\/acrilico-transparente\\\/acrilico-cell-cast\\\/acrilico-de-6-mm\\\/lamina-de-acrilico-transparente-de-180-x-240-m-de-6mm\\\/\"]}]},{\"@type\":\"ImageObject\",\"inLanguage\":\"es\",\"@id\":\"https:\\\/\\\/www.acrilfrasa.mx\\\/productosacrilicopolicarbonato\\\/laminasacrilico\\\/acrilico-transparente\\\/acrilico-cell-cast\\\/acrilico-de-6-mm\\\/lamina-de-acrilico-transparente-de-180-x-240-m-de-6mm\\\/#primaryimage\",\"url\":\"https:\\\/\\\/www.acrilfrasa.mx\\\/productosacrilicopolicarbonato\\\/wp-content\\\/uploads\\\/cristal-6mm-a-scaled.jpg\",\"contentUrl\":\"https:\\\/\\\/www.acrilfrasa.mx\\\/productosacrilicopolicarbonato\\\/wp-content\\\/uploads\\\/cristal-6mm-a-scaled.jpg\",\"width\":2560,\"height\":1707},{\"@type\":\"BreadcrumbList\",\"@id\":\"https:\\\/\\\/www.acrilfrasa.mx\\\/productosacrilicopolicarbonato\\\/laminasacrilico\\\/acrilico-transparente\\\/acrilico-cell-cast\\\/acrilico-de-6-mm\\\/lamina-de-acrilico-transparente-de-180-x-240-m-de-6mm\\\/#breadcrumb\",\"itemListElement\":[{\"@type\":\"ListItem\",\"position\":1,\"name\":\"Inicio\",\"item\":\"https:\\\/\\\/www.acrilfrasa.mx\\\/productosacrilicopolicarbonato\\\/\"},{\"@type\":\"ListItem\",\"position\":2,\"name\":\"Tienda\",\"item\":\"https:\\\/\\\/www.acrilfrasa.mx\\\/productosacrilicopolicarbonato\\\/\"},{\"@type\":\"ListItem\",\"position\":3,\"name\":\"L\u00e1mina de acr\u00edlico transparente de 1.80 X 2.40 m de 6mm\"}]},{\"@type\":\"WebSite\",\"@id\":\"https:\\\/\\\/www.acrilfrasa.mx\\\/productosacrilicopolicarbonato\\\/#website\",\"url\":\"https:\\\/\\\/www.acrilfrasa.mx\\\/productosacrilicopolicarbonato\\\/\",\"name\":\"Acrilfrasa\",\"description\":\"Somos fabricantes y distribuidores de domos a todo M\u00e9xico. Trabajamos con acr\u00edlico y policarbonato de alta calidad. Cons\u00faltanos hoy mismo\",\"publisher\":{\"@id\":\"https:\\\/\\\/www.acrilfrasa.mx\\\/productosacrilicopolicarbonato\\\/#organization\"},\"potentialAction\":[{\"@type\":\"SearchAction\",\"target\":{\"@type\":\"EntryPoint\",\"urlTemplate\":\"https:\\\/\\\/www.acrilfrasa.mx\\\/productosacrilicopolicarbonato\\\/?s={search_term_string}\"},\"query-input\":{\"@type\":\"PropertyValueSpecification\",\"valueRequired\":true,\"valueName\":\"search_term_string\"}}],\"inLanguage\":\"es\"},{\"@type\":\"Organization\",\"@id\":\"https:\\\/\\\/www.acrilfrasa.mx\\\/productosacrilicopolicarbonato\\\/#organization\",\"name\":\"Acrilfrasa\",\"url\":\"https:\\\/\\\/www.acrilfrasa.mx\\\/productosacrilicopolicarbonato\\\/\",\"logo\":{\"@type\":\"ImageObject\",\"inLanguage\":\"es\",\"@id\":\"https:\\\/\\\/www.acrilfrasa.mx\\\/productosacrilicopolicarbonato\\\/#\\\/schema\\\/logo\\\/image\\\/\",\"url\":\"https:\\\/\\\/www.acrilfrasa.mx\\\/wp-content\\\/uploads\\\/acrilfrasa.webp\",\"contentUrl\":\"https:\\\/\\\/www.acrilfrasa.mx\\\/wp-content\\\/uploads\\\/acrilfrasa.webp\",\"width\":90,\"height\":100,\"caption\":\"Acrilfrasa\"},\"image\":{\"@id\":\"https:\\\/\\\/www.acrilfrasa.mx\\\/productosacrilicopolicarbonato\\\/#\\\/schema\\\/logo\\\/image\\\/\"},\"sameAs\":[\"https:\\\/\\\/www.facebook.com\\\/acrilfrasa\",\"https:\\\/\\\/x.com\\\/acrilfrasamx\"]}]}<\/script>\n<!-- \/ Yoast SEO plugin. -->","yoast_head_json":{"title":"L\u00e1mina de Acr\u00edlico Transparente 1.80x2.40m, 6mm - | Acrilfrasa","description":"La L\u00e1mina de Acr\u00edlico Transparente de 1.80x2.40m, 6mm es perfecta para cortes precisos con laser, CRI CUT y herramientas el\u00e9ctricas.","robots":{"index":"index","follow":"follow","max-snippet":"max-snippet:-1","max-image-preview":"max-image-preview:large","max-video-preview":"max-video-preview:-1"},"canonical":"https:\/\/www.acrilfrasa.mx\/productosacrilicopolicarbonato\/laminasacrilico\/acrilico-transparente\/acrilico-cell-cast\/acrilico-de-6-mm\/lamina-de-acrilico-transparente-de-180-x-240-m-de-6mm\/","og_locale":"es_MX","og_type":"article","og_title":"L\u00e1mina de Acr\u00edlico Transparente 1.80x2.40m, 6mm - | Acrilfrasa","og_description":"La L\u00e1mina de Acr\u00edlico Transparente de 1.80x2.40m, 6mm es perfecta para cortes precisos con laser, CRI CUT y herramientas el\u00e9ctricas.","og_url":"https:\/\/www.acrilfrasa.mx\/productosacrilicopolicarbonato\/laminasacrilico\/acrilico-transparente\/acrilico-cell-cast\/acrilico-de-6-mm\/lamina-de-acrilico-transparente-de-180-x-240-m-de-6mm\/","og_site_name":"Acrilfrasa","article_publisher":"https:\/\/www.facebook.com\/acrilfrasa","article_modified_time":"2025-04-07T21:46:28+00:00","og_image":[{"width":2560,"height":1707,"url":"https:\/\/www.acrilfrasa.mx\/productosacrilicopolicarbonato\/wp-content\/uploads\/cristal-6mm-a-scaled.jpg","type":"image\/jpeg"}],"twitter_card":"summary_large_image","twitter_site":"@acrilfrasamx","schema":{"@context":"https:\/\/schema.org","@graph":[{"@type":"WebPage","@id":"https:\/\/www.acrilfrasa.mx\/productosacrilicopolicarbonato\/laminasacrilico\/acrilico-transparente\/acrilico-cell-cast\/acrilico-de-6-mm\/lamina-de-acrilico-transparente-de-180-x-240-m-de-6mm\/","url":"https:\/\/www.acrilfrasa.mx\/productosacrilicopolicarbonato\/laminasacrilico\/acrilico-transparente\/acrilico-cell-cast\/acrilico-de-6-mm\/lamina-de-acrilico-transparente-de-180-x-240-m-de-6mm\/","name":"L\u00e1mina de Acr\u00edlico Transparente 1.80x2.40m, 6mm - | Acrilfrasa","isPartOf":{"@id":"https:\/\/www.acrilfrasa.mx\/productosacrilicopolicarbonato\/#website"},"primaryImageOfPage":{"@id":"https:\/\/www.acrilfrasa.mx\/productosacrilicopolicarbonato\/laminasacrilico\/acrilico-transparente\/acrilico-cell-cast\/acrilico-de-6-mm\/lamina-de-acrilico-transparente-de-180-x-240-m-de-6mm\/#primaryimage"},"image":{"@id":"https:\/\/www.acrilfrasa.mx\/productosacrilicopolicarbonato\/laminasacrilico\/acrilico-transparente\/acrilico-cell-cast\/acrilico-de-6-mm\/lamina-de-acrilico-transparente-de-180-x-240-m-de-6mm\/#primaryimage"},"thumbnailUrl":"https:\/\/www.acrilfrasa.mx\/productosacrilicopolicarbonato\/wp-content\/uploads\/cristal-6mm-a-scaled.jpg","datePublished":"2023-09-19T14:34:46+00:00","dateModified":"2025-04-07T21:46:28+00:00","description":"La L\u00e1mina de Acr\u00edlico Transparente de 1.80x2.40m, 6mm es perfecta para cortes precisos con laser, CRI CUT y herramientas el\u00e9ctricas.","breadcrumb":{"@id":"https:\/\/www.acrilfrasa.mx\/productosacrilicopolicarbonato\/laminasacrilico\/acrilico-transparente\/acrilico-cell-cast\/acrilico-de-6-mm\/lamina-de-acrilico-transparente-de-180-x-240-m-de-6mm\/#breadcrumb"},"inLanguage":"es","potentialAction":[{"@type":"ReadAction","target":["https:\/\/www.acrilfrasa.mx\/productosacrilicopolicarbonato\/laminasacrilico\/acrilico-transparente\/acrilico-cell-cast\/acrilico-de-6-mm\/lamina-de-acrilico-transparente-de-180-x-240-m-de-6mm\/"]}]},{"@type":"ImageObject","inLanguage":"es","@id":"https:\/\/www.acrilfrasa.mx\/productosacrilicopolicarbonato\/laminasacrilico\/acrilico-transparente\/acrilico-cell-cast\/acrilico-de-6-mm\/lamina-de-acrilico-transparente-de-180-x-240-m-de-6mm\/#primaryimage","url":"https:\/\/www.acrilfrasa.mx\/productosacrilicopolicarbonato\/wp-content\/uploads\/cristal-6mm-a-scaled.jpg","contentUrl":"https:\/\/www.acrilfrasa.mx\/productosacrilicopolicarbonato\/wp-content\/uploads\/cristal-6mm-a-scaled.jpg","width":2560,"height":1707},{"@type":"BreadcrumbList","@id":"https:\/\/www.acrilfrasa.mx\/productosacrilicopolicarbonato\/laminasacrilico\/acrilico-transparente\/acrilico-cell-cast\/acrilico-de-6-mm\/lamina-de-acrilico-transparente-de-180-x-240-m-de-6mm\/#breadcrumb","itemListElement":[{"@type":"ListItem","position":1,"name":"Inicio","item":"https:\/\/www.acrilfrasa.mx\/productosacrilicopolicarbonato\/"},{"@type":"ListItem","position":2,"name":"Tienda","item":"https:\/\/www.acrilfrasa.mx\/productosacrilicopolicarbonato\/"},{"@type":"ListItem","position":3,"name":"L\u00e1mina de acr\u00edlico transparente de 1.80 X 2.40 m de 6mm"}]},{"@type":"WebSite","@id":"https:\/\/www.acrilfrasa.mx\/productosacrilicopolicarbonato\/#website","url":"https:\/\/www.acrilfrasa.mx\/productosacrilicopolicarbonato\/","name":"Acrilfrasa","description":"Somos fabricantes y distribuidores de domos a todo M\u00e9xico. Trabajamos con acr\u00edlico y policarbonato de alta calidad. Cons\u00faltanos hoy mismo","publisher":{"@id":"https:\/\/www.acrilfrasa.mx\/productosacrilicopolicarbonato\/#organization"},"potentialAction":[{"@type":"SearchAction","target":{"@type":"EntryPoint","urlTemplate":"https:\/\/www.acrilfrasa.mx\/productosacrilicopolicarbonato\/?s={search_term_string}"},"query-input":{"@type":"PropertyValueSpecification","valueRequired":true,"valueName":"search_term_string"}}],"inLanguage":"es"},{"@type":"Organization","@id":"https:\/\/www.acrilfrasa.mx\/productosacrilicopolicarbonato\/#organization","name":"Acrilfrasa","url":"https:\/\/www.acrilfrasa.mx\/productosacrilicopolicarbonato\/","logo":{"@type":"ImageObject","inLanguage":"es","@id":"https:\/\/www.acrilfrasa.mx\/productosacrilicopolicarbonato\/#\/schema\/logo\/image\/","url":"https:\/\/www.acrilfrasa.mx\/wp-content\/uploads\/acrilfrasa.webp","contentUrl":"https:\/\/www.acrilfrasa.mx\/wp-content\/uploads\/acrilfrasa.webp","width":90,"height":100,"caption":"Acrilfrasa"},"image":{"@id":"https:\/\/www.acrilfrasa.mx\/productosacrilicopolicarbonato\/#\/schema\/logo\/image\/"},"sameAs":["https:\/\/www.facebook.com\/acrilfrasa","https:\/\/x.com\/acrilfrasamx"]}]}},"_links":{"self":[{"href":"https:\/\/www.acrilfrasa.mx\/productosacrilicopolicarbonato\/wp-json\/wp\/v2\/product\/2058","targetHints":{"allow":["GET"]}}],"collection":[{"href":"https:\/\/www.acrilfrasa.mx\/productosacrilicopolicarbonato\/wp-json\/wp\/v2\/product"}],"about":[{"href":"https:\/\/www.acrilfrasa.mx\/productosacrilicopolicarbonato\/wp-json\/wp\/v2\/types\/product"}],"wp:featuredmedia":[{"embeddable":true,"href":"https:\/\/www.acrilfrasa.mx\/productosacrilicopolicarbonato\/wp-json\/wp\/v2\/media\/1387"}],"wp:attachment":[{"href":"https:\/\/www.acrilfrasa.mx\/productosacrilicopolicarbonato\/wp-json\/wp\/v2\/media?parent=2058"}],"wp:term":[{"taxonomy":"product_brand","embeddable":true,"href":"https:\/\/www.acrilfrasa.mx\/productosacrilicopolicarbonato\/wp-json\/wp\/v2\/product_brand?post=2058"},{"taxonomy":"product_cat","embeddable":true,"href":"https:\/\/www.acrilfrasa.mx\/productosacrilicopolicarbonato\/wp-json\/wp\/v2\/product_cat?post=2058"},{"taxonomy":"product_tag","embeddable":true,"href":"https:\/\/www.acrilfrasa.mx\/productosacrilicopolicarbonato\/wp-json\/wp\/v2\/product_tag?post=2058"}],"curies":[{"name":"wp","href":"https:\/\/api.w.org\/{rel}","templated":true}]}}