{"id":2059,"date":"2023-09-19T08:52:44","date_gmt":"2023-09-19T14:52:44","guid":{"rendered":"https:\/\/www.acrilfrasa.mx\/productosacrilicopolicarbonato\/?post_type=product&#038;p=2059"},"modified":"2025-04-07T15:45:59","modified_gmt":"2025-04-07T21:45:59","slug":"lamina-de-acrilico-blanco-z2-de-120-x-180-m-de-3-mm","status":"publish","type":"product","link":"https:\/\/www.acrilfrasa.mx\/productosacrilicopolicarbonato\/laminasacrilico\/acrilico-blanco\/acrilico-blanco-z2\/lamina-de-acrilico-blanco-z2-de-120-x-180-m-de-3-mm\/","title":{"rendered":"L\u00e1mina de Acr\u00edlico Blanco Z-2 de 1.20 X 1.80 m de 3 mm"},"content":{"rendered":"","protected":false},"excerpt":{"rendered":"<p><strong>Descripci\u00f3n:<\/strong>\u00a0Acr\u00edlico Cell-Cast ideal para corte con laser, CRI CUT y herramientas el\u00e9ctricas.<br \/>\n\u00daselo para sus proyectos de artesan\u00eda o se\u00f1alizaci\u00f3n comercial.<br \/>\nIdeal para vitrinas, decoraci\u00f3n del hogar y estanter\u00edas.<br \/>\nDuradero, resistente a la intemperie y a los rayos UV.<\/p>\n<p><strong>Medidas:\u00a0<\/strong>Ancho: 1.20 m | Largo: 1.80 m | Espesor: 3 mm<\/p>\n<p><strong>Material:<\/strong> Acr\u00edlico<\/p>\n<p><strong>Color:<\/strong> Blanco Opalino Z-2<\/p>\n<p>En nuestra p\u00e1gina web puedes encontrar mas informaci\u00f3n sobre <a href=\"https:\/\/www.acrilfrasa.mx\/Acrilico\/\">Acr\u00edlico<\/a>, <a href=\"https:\/\/www.acrilfrasa.mx\/Policarbonato\/\">Policarbonato<\/a>, Canceles y mucho mas&#8230;.<\/p>\n","protected":false},"featured_media":2060,"comment_status":"closed","ping_status":"closed","template":"","meta":[],"product_brand":[],"product_cat":[48,137],"product_tag":[],"class_list":{"0":"post-2059","1":"product","2":"type-product","3":"status-publish","4":"has-post-thumbnail","6":"product_cat-acrilico-blanco","7":"product_cat-acrilico-blanco-z2","9":"first","10":"instock","11":"taxable","12":"shipping-taxable","13":"purchasable","14":"product-type-simple"},"_links":{"self":[{"href":"https:\/\/www.acrilfrasa.mx\/productosacrilicopolicarbonato\/wp-json\/wp\/v2\/product\/2059","targetHints":{"allow":["GET"]}}],"collection":[{"href":"https:\/\/www.acrilfrasa.mx\/productosacrilicopolicarbonato\/wp-json\/wp\/v2\/product"}],"about":[{"href":"https:\/\/www.acrilfrasa.mx\/productosacrilicopolicarbonato\/wp-json\/wp\/v2\/types\/product"}],"replies":[{"embeddable":true,"href":"https:\/\/www.acrilfrasa.mx\/productosacrilicopolicarbonato\/wp-json\/wp\/v2\/comments?post=2059"}],"wp:featuredmedia":[{"embeddable":true,"href":"https:\/\/www.acrilfrasa.mx\/productosacrilicopolicarbonato\/wp-json\/wp\/v2\/media\/2060"}],"wp:attachment":[{"href":"https:\/\/www.acrilfrasa.mx\/productosacrilicopolicarbonato\/wp-json\/wp\/v2\/media?parent=2059"}],"wp:term":[{"taxonomy":"product_brand","embeddable":true,"href":"https:\/\/www.acrilfrasa.mx\/productosacrilicopolicarbonato\/wp-json\/wp\/v2\/product_brand?post=2059"},{"taxonomy":"product_cat","embeddable":true,"href":"https:\/\/www.acrilfrasa.mx\/productosacrilicopolicarbonato\/wp-json\/wp\/v2\/product_cat?post=2059"},{"taxonomy":"product_tag","embeddable":true,"href":"https:\/\/www.acrilfrasa.mx\/productosacrilicopolicarbonato\/wp-json\/wp\/v2\/product_tag?post=2059"}],"curies":[{"name":"wp","href":"https:\/\/api.w.org\/{rel}","templated":true}]}}