{"id":2063,"date":"2023-09-19T09:07:26","date_gmt":"2023-09-19T15:07:26","guid":{"rendered":"https:\/\/www.acrilfrasa.mx\/productosacrilicopolicarbonato\/?post_type=product&#038;p=2063"},"modified":"2025-04-07T15:44:55","modified_gmt":"2025-04-07T21:44:55","slug":"lamina-de-acrilico-transparente-xt-de-120-x-240-m-de-6mm","status":"publish","type":"product","link":"https:\/\/www.acrilfrasa.mx\/productosacrilicopolicarbonato\/laminasacrilico\/acrilico-transparente\/lamina-de-acrilico-extruido\/acrilico-extruido-de-6-mm\/lamina-de-acrilico-transparente-xt-de-120-x-240-m-de-6mm\/","title":{"rendered":"L\u00e1mina de Acr\u00edlico Transparente XT de 1.20 X 2.40 m de 6mm"},"content":{"rendered":"","protected":false},"excerpt":{"rendered":"<p><strong>Descripci\u00f3n: <\/strong>L\u00e1mina de Acr\u00edlico Extruido.<br \/>\n\u00daselo para sus proyectos de artesan\u00eda o se\u00f1alizaci\u00f3n comercial.<br \/>\nIdeal para vitrinas, decoraci\u00f3n del hogar y estanter\u00edas.<br \/>\nDuradero, resistente a la intemperie y a los rayos UV.<\/p>\n<p>Material: Acr\u00edlico Extruido<\/p>\n<p>Medidas: Ancho: 1.20 m | Largo: 2.40 m | Espesor: 6 mm<\/p>\n<p>Uso recomendado: Proyectos de artesan\u00eda y se\u00f1alizaci\u00f3n comercial<\/p>\n<p>Ideal para: Vitrinas, decoraci\u00f3n del hogar y estanter\u00edas<\/p>\n<p>Durabilidad: Resistente a la intemperie y a los rayos UV<\/p>\n<p>Puedes encontrar m\u00e1s informaci\u00f3n en nuestra p\u00e1gina web sobre <a href=\"https:\/\/www.acrilfrasa.mx\/Acrilico\/\">Acr\u00edlico<\/a>, <a href=\"https:\/\/www.acrilfrasa.mx\/Policarbonato\/\">Policarbonato<\/a>, Canceles, l\u00e1minas de acr\u00edlico transparente, hojas de acr\u00edlico, hojas de acr\u00edlico de 3mm, env\u00edo, entrega y l\u00e1minas en general.<\/p>\n","protected":false},"featured_media":2052,"comment_status":"closed","ping_status":"closed","template":"","meta":[],"product_brand":[],"product_cat":[120,138],"product_tag":[],"class_list":{"0":"post-2063","1":"product","2":"type-product","3":"status-publish","4":"has-post-thumbnail","6":"product_cat-lamina-de-acrilico-extruido","7":"product_cat-acrilico-extruido-de-6-mm","9":"first","10":"instock","11":"taxable","12":"shipping-taxable","13":"purchasable","14":"product-type-simple"},"_links":{"self":[{"href":"https:\/\/www.acrilfrasa.mx\/productosacrilicopolicarbonato\/wp-json\/wp\/v2\/product\/2063","targetHints":{"allow":["GET"]}}],"collection":[{"href":"https:\/\/www.acrilfrasa.mx\/productosacrilicopolicarbonato\/wp-json\/wp\/v2\/product"}],"about":[{"href":"https:\/\/www.acrilfrasa.mx\/productosacrilicopolicarbonato\/wp-json\/wp\/v2\/types\/product"}],"replies":[{"embeddable":true,"href":"https:\/\/www.acrilfrasa.mx\/productosacrilicopolicarbonato\/wp-json\/wp\/v2\/comments?post=2063"}],"wp:featuredmedia":[{"embeddable":true,"href":"https:\/\/www.acrilfrasa.mx\/productosacrilicopolicarbonato\/wp-json\/wp\/v2\/media\/2052"}],"wp:attachment":[{"href":"https:\/\/www.acrilfrasa.mx\/productosacrilicopolicarbonato\/wp-json\/wp\/v2\/media?parent=2063"}],"wp:term":[{"taxonomy":"product_brand","embeddable":true,"href":"https:\/\/www.acrilfrasa.mx\/productosacrilicopolicarbonato\/wp-json\/wp\/v2\/product_brand?post=2063"},{"taxonomy":"product_cat","embeddable":true,"href":"https:\/\/www.acrilfrasa.mx\/productosacrilicopolicarbonato\/wp-json\/wp\/v2\/product_cat?post=2063"},{"taxonomy":"product_tag","embeddable":true,"href":"https:\/\/www.acrilfrasa.mx\/productosacrilicopolicarbonato\/wp-json\/wp\/v2\/product_tag?post=2063"}],"curies":[{"name":"wp","href":"https:\/\/api.w.org\/{rel}","templated":true}]}}