{"id":2085,"date":"2023-09-28T04:16:45","date_gmt":"2023-09-28T10:16:45","guid":{"rendered":"https:\/\/www.acrilfrasa.mx\/productosacrilicopolicarbonato\/?post_type=product&#038;p=2085"},"modified":"2025-04-07T15:40:49","modified_gmt":"2025-04-07T21:40:49","slug":"lamina-de-acrilico-transparente-de-120-x-180-m-en-5mm","status":"publish","type":"product","link":"https:\/\/www.acrilfrasa.mx\/productosacrilicopolicarbonato\/laminasacrilico\/acrilico-transparente\/acrilico-cell-cast\/lamina-de-acrilico-transparente-de-120-x-180-m-en-5mm\/","title":{"rendered":"L\u00e1mina de Acr\u00edlico Transparente de 1.20 X 1.80 m en 5mm"},"content":{"rendered":"","protected":false},"excerpt":{"rendered":"<p class=\"my-0.5\"><strong>Descripci\u00f3n:<\/strong> La l\u00e1mina de acr\u00edlico es un material vers\u00e1til y transparente que se puede utilizar en una amplia variedad de aplicaciones. Es f\u00e1cil de cortar y moldear, lo que permite realizar dise\u00f1os creativos tanto en l\u00e1minas planas como en proyectos en 3D. Adem\u00e1s, su capacidad para difuminar la luz lo convierte en una excelente opci\u00f3n para anuncios iluminados y publicidad.<\/p>\n<p class=\"my-0.5\"><strong>Caracter\u00edsticas:<\/strong><\/p>\n<ul class=\"list-disc list-outside pl-8 -space-y-1 @xl:-space-y-1.5 @2xl:-space-y-2\">\n<li class=\"relative [&amp;&gt;p]:inline-block [&amp;&gt;p]:align-top [&amp;&gt;p]:-mt-6 [&amp;&gt;p]:p-0 [&amp;&gt;p]:mb-4\" style=\"box-sizing: border-box; border: 0px solid #e5e7eb; --tw-border-spacing-x: 0; --tw-border-spacing-y: 0; --tw-translate-x: 0; --tw-translate-y: 0; --tw-rotate: 0; --tw-skew-x: 0; --tw-skew-y: 0; --tw-scale-x: 1; --tw-scale-y: 1; --tw-scroll-snap-strictness: proximity; --tw-ring-offset-width: 0px; --tw-ring-offset-color: #fff; --tw-ring-color: rgba(63,131,248,.5); --tw-ring-offset-shadow: 0 0 #0000; --tw-ring-shadow: 0 0 #0000; --tw-shadow: 0 0 #0000; --tw-shadow-colored: 0 0 #0000; position: relative;\">Apto para corte con l\u00e1ser, CRI CUT y herramientas el\u00e9ctricas.<\/li>\n<li class=\"relative [&amp;&gt;p]:inline-block [&amp;&gt;p]:align-top [&amp;&gt;p]:-mt-6 [&amp;&gt;p]:p-0 [&amp;&gt;p]:mb-4\" style=\"box-sizing: border-box; border: 0px solid #e5e7eb; --tw-border-spacing-x: 0; --tw-border-spacing-y: 0; --tw-translate-x: 0; --tw-translate-y: 0; --tw-rotate: 0; --tw-skew-x: 0; --tw-skew-y: 0; --tw-scale-x: 1; --tw-scale-y: 1; --tw-scroll-snap-strictness: proximity; --tw-ring-offset-width: 0px; --tw-ring-offset-color: #fff; --tw-ring-color: rgba(63,131,248,.5); --tw-ring-offset-shadow: 0 0 #0000; --tw-ring-shadow: 0 0 #0000; --tw-shadow: 0 0 #0000; --tw-shadow-colored: 0 0 #0000; position: relative; --tw-space-y-reverse: 0; margin-top: calc(-.5rem * calc(1 - var(--tw-space-y-reverse))); margin-bottom: calc(-.5rem * var(--tw-space-y-reverse));\">Ideal para proyectos de artesan\u00eda y se\u00f1alizaci\u00f3n comercial.<\/li>\n<li class=\"relative [&amp;&gt;p]:inline-block [&amp;&gt;p]:align-top [&amp;&gt;p]:-mt-6 [&amp;&gt;p]:p-0 [&amp;&gt;p]:mb-4\" style=\"box-sizing: border-box; border: 0px solid #e5e7eb; --tw-border-spacing-x: 0; --tw-border-spacing-y: 0; --tw-translate-x: 0; --tw-translate-y: 0; --tw-rotate: 0; --tw-skew-x: 0; --tw-skew-y: 0; --tw-scale-x: 1; --tw-scale-y: 1; --tw-scroll-snap-strictness: proximity; --tw-ring-offset-width: 0px; --tw-ring-offset-color: #fff; --tw-ring-color: rgba(63,131,248,.5); --tw-ring-offset-shadow: 0 0 #0000; --tw-ring-shadow: 0 0 #0000; --tw-shadow: 0 0 #0000; --tw-shadow-colored: 0 0 #0000; position: relative; --tw-space-y-reverse: 0; margin-top: calc(-.5rem * calc(1 - var(--tw-space-y-reverse))); margin-bottom: calc(-.5rem * var(--tw-space-y-reverse));\">Uso recomendado en vitrinas, decoraci\u00f3n del hogar y estanter\u00edas.<\/li>\n<li class=\"relative [&amp;&gt;p]:inline-block [&amp;&gt;p]:align-top [&amp;&gt;p]:-mt-6 [&amp;&gt;p]:p-0 [&amp;&gt;p]:mb-4\" style=\"box-sizing: border-box; border: 0px solid #e5e7eb; --tw-border-spacing-x: 0; --tw-border-spacing-y: 0; --tw-translate-x: 0; --tw-translate-y: 0; --tw-rotate: 0; --tw-skew-x: 0; --tw-skew-y: 0; --tw-scale-x: 1; --tw-scale-y: 1; --tw-scroll-snap-strictness: proximity; --tw-ring-offset-width: 0px; --tw-ring-offset-color: #fff; --tw-ring-color: rgba(63,131,248,.5); --tw-ring-offset-shadow: 0 0 #0000; --tw-ring-shadow: 0 0 #0000; --tw-shadow: 0 0 #0000; --tw-shadow-colored: 0 0 #0000; position: relative; --tw-space-y-reverse: 0; margin-top: calc(-.5rem * calc(1 - var(--tw-space-y-reverse))); margin-bottom: calc(-.5rem * var(--tw-space-y-reverse));\">Duradero, resistente a la intemperie y a los rayos UV.<\/li>\n<li class=\"relative [&amp;&gt;p]:inline-block [&amp;&gt;p]:align-top [&amp;&gt;p]:-mt-6 [&amp;&gt;p]:p-0 [&amp;&gt;p]:mb-4\" style=\"box-sizing: border-box; border: 0px solid #e5e7eb; --tw-border-spacing-x: 0; --tw-border-spacing-y: 0; --tw-translate-x: 0; --tw-translate-y: 0; --tw-rotate: 0; --tw-skew-x: 0; --tw-skew-y: 0; --tw-scale-x: 1; --tw-scale-y: 1; --tw-scroll-snap-strictness: proximity; --tw-ring-offset-width: 0px; --tw-ring-offset-color: #fff; --tw-ring-color: rgba(63,131,248,.5); --tw-ring-offset-shadow: 0 0 #0000; --tw-ring-shadow: 0 0 #0000; --tw-shadow: 0 0 #0000; --tw-shadow-colored: 0 0 #0000; position: relative; --tw-space-y-reverse: 0; margin-top: calc(-.5rem * calc(1 - var(--tw-space-y-reverse))); margin-bottom: calc(-.5rem * var(--tw-space-y-reverse));\">Puede utilizarse en interiores y exteriores.<\/li>\n<\/ul>\n<p class=\"my-0.5\"><strong>Color:<\/strong> Transparente<\/p>\n<p class=\"my-0.5\"><strong>Material:<\/strong> Acr\u00edlico 100%<\/p>\n<p class=\"my-0.5\"><strong>Medidas:<\/strong> Ancho: 1.20 m | Largo: 1.80 m | Espesor: 5 mm<\/p>\n<p class=\"my-0.5\">Para m\u00e1s informaci\u00f3n sobre el precio del acr\u00edlico transparente por metro o para realizar la compra de este producto, visita nuestra p\u00e1gina web. Ofrecemos una amplia selecci\u00f3n de l\u00e1minas de acr\u00edlico y estamos seguros de que encontrar\u00e1s lo que necesitas para tu proyecto.<\/p>\n<p>En nuestra p\u00e1gina web puedes encontrar mas informaci\u00f3n sobre <a href=\"https:\/\/www.acrilfrasa.mx\/Acrilico\/\">Acr\u00edlico<\/a>, <a href=\"https:\/\/www.acrilfrasa.mx\/Policarbonato\/\">Policarbonato<\/a>, Canceles y mucho mas&#8230;.<\/p>\n","protected":false},"featured_media":2051,"template":"","meta":[],"product_brand":[],"product_cat":[121,125],"product_tag":[],"class_list":{"0":"post-2085","1":"product","2":"type-product","3":"status-publish","4":"has-post-thumbnail","6":"product_cat-acrilico-cell-cast","7":"product_cat-acrilico-de-5-mm","9":"first","10":"instock","11":"taxable","12":"shipping-taxable","13":"purchasable","14":"product-type-simple"},"yoast_head":"<!-- This site is optimized with the Yoast SEO plugin v27.4 - https:\/\/yoast.com\/product\/yoast-seo-wordpress\/ -->\n<title>Acr\u00edlico Transparente 1.20x1.80m, 5mm - Duradero | Acrilfrasa<\/title>\n<meta name=\"description\" content=\"El Acr\u00edlico Transparente de 1.20x1.80m, 5mm es ideal para tus proyectos y publicidad. Perfecto para dise\u00f1os en 3D, techados, anuncios iluminados y m\u00e1s.\" \/>\n<meta name=\"robots\" content=\"index, follow, max-snippet:-1, max-image-preview:large, max-video-preview:-1\" \/>\n<link rel=\"canonical\" href=\"https:\/\/www.acrilfrasa.mx\/productosacrilicopolicarbonato\/laminasacrilico\/acrilico-transparente\/acrilico-cell-cast\/lamina-de-acrilico-transparente-de-120-x-180-m-en-5mm\/\" \/>\n<meta property=\"og:locale\" content=\"es_MX\" \/>\n<meta property=\"og:type\" content=\"article\" \/>\n<meta property=\"og:title\" content=\"Acr\u00edlico Transparente 1.20x1.80m, 5mm - Duradero | Acrilfrasa\" \/>\n<meta property=\"og:description\" content=\"El Acr\u00edlico Transparente de 1.20x1.80m, 5mm es ideal para tus proyectos y publicidad. Perfecto para dise\u00f1os en 3D, techados, anuncios iluminados y m\u00e1s.\" \/>\n<meta property=\"og:url\" content=\"https:\/\/www.acrilfrasa.mx\/productosacrilicopolicarbonato\/laminasacrilico\/acrilico-transparente\/acrilico-cell-cast\/lamina-de-acrilico-transparente-de-120-x-180-m-en-5mm\/\" \/>\n<meta property=\"og:site_name\" content=\"Acrilfrasa\" \/>\n<meta property=\"article:publisher\" content=\"https:\/\/www.facebook.com\/acrilfrasa\" \/>\n<meta property=\"article:modified_time\" content=\"2025-04-07T21:40:49+00:00\" \/>\n<meta property=\"og:image\" content=\"https:\/\/www.acrilfrasa.mx\/productosacrilicopolicarbonato\/wp-content\/uploads\/cristal-5mm-L-scaled.jpg\" \/>\n\t<meta property=\"og:image:width\" content=\"2560\" \/>\n\t<meta property=\"og:image:height\" content=\"1708\" \/>\n\t<meta property=\"og:image:type\" content=\"image\/jpeg\" \/>\n<meta name=\"twitter:card\" content=\"summary_large_image\" \/>\n<meta name=\"twitter:site\" content=\"@acrilfrasamx\" \/>\n<script type=\"application\/ld+json\" class=\"yoast-schema-graph\">{\"@context\":\"https:\\\/\\\/schema.org\",\"@graph\":[{\"@type\":\"WebPage\",\"@id\":\"https:\\\/\\\/www.acrilfrasa.mx\\\/productosacrilicopolicarbonato\\\/laminasacrilico\\\/acrilico-transparente\\\/acrilico-cell-cast\\\/lamina-de-acrilico-transparente-de-120-x-180-m-en-5mm\\\/\",\"url\":\"https:\\\/\\\/www.acrilfrasa.mx\\\/productosacrilicopolicarbonato\\\/laminasacrilico\\\/acrilico-transparente\\\/acrilico-cell-cast\\\/lamina-de-acrilico-transparente-de-120-x-180-m-en-5mm\\\/\",\"name\":\"Acr\u00edlico Transparente 1.20x1.80m, 5mm - Duradero | Acrilfrasa\",\"isPartOf\":{\"@id\":\"https:\\\/\\\/www.acrilfrasa.mx\\\/productosacrilicopolicarbonato\\\/#website\"},\"primaryImageOfPage\":{\"@id\":\"https:\\\/\\\/www.acrilfrasa.mx\\\/productosacrilicopolicarbonato\\\/laminasacrilico\\\/acrilico-transparente\\\/acrilico-cell-cast\\\/lamina-de-acrilico-transparente-de-120-x-180-m-en-5mm\\\/#primaryimage\"},\"image\":{\"@id\":\"https:\\\/\\\/www.acrilfrasa.mx\\\/productosacrilicopolicarbonato\\\/laminasacrilico\\\/acrilico-transparente\\\/acrilico-cell-cast\\\/lamina-de-acrilico-transparente-de-120-x-180-m-en-5mm\\\/#primaryimage\"},\"thumbnailUrl\":\"https:\\\/\\\/www.acrilfrasa.mx\\\/productosacrilicopolicarbonato\\\/wp-content\\\/uploads\\\/cristal-5mm-L-scaled.jpg\",\"datePublished\":\"2023-09-28T10:16:45+00:00\",\"dateModified\":\"2025-04-07T21:40:49+00:00\",\"description\":\"El Acr\u00edlico Transparente de 1.20x1.80m, 5mm es ideal para tus proyectos y publicidad. Perfecto para dise\u00f1os en 3D, techados, anuncios iluminados y m\u00e1s.\",\"breadcrumb\":{\"@id\":\"https:\\\/\\\/www.acrilfrasa.mx\\\/productosacrilicopolicarbonato\\\/laminasacrilico\\\/acrilico-transparente\\\/acrilico-cell-cast\\\/lamina-de-acrilico-transparente-de-120-x-180-m-en-5mm\\\/#breadcrumb\"},\"inLanguage\":\"es\",\"potentialAction\":[{\"@type\":\"ReadAction\",\"target\":[\"https:\\\/\\\/www.acrilfrasa.mx\\\/productosacrilicopolicarbonato\\\/laminasacrilico\\\/acrilico-transparente\\\/acrilico-cell-cast\\\/lamina-de-acrilico-transparente-de-120-x-180-m-en-5mm\\\/\"]}]},{\"@type\":\"ImageObject\",\"inLanguage\":\"es\",\"@id\":\"https:\\\/\\\/www.acrilfrasa.mx\\\/productosacrilicopolicarbonato\\\/laminasacrilico\\\/acrilico-transparente\\\/acrilico-cell-cast\\\/lamina-de-acrilico-transparente-de-120-x-180-m-en-5mm\\\/#primaryimage\",\"url\":\"https:\\\/\\\/www.acrilfrasa.mx\\\/productosacrilicopolicarbonato\\\/wp-content\\\/uploads\\\/cristal-5mm-L-scaled.jpg\",\"contentUrl\":\"https:\\\/\\\/www.acrilfrasa.mx\\\/productosacrilicopolicarbonato\\\/wp-content\\\/uploads\\\/cristal-5mm-L-scaled.jpg\",\"width\":2560,\"height\":1708},{\"@type\":\"BreadcrumbList\",\"@id\":\"https:\\\/\\\/www.acrilfrasa.mx\\\/productosacrilicopolicarbonato\\\/laminasacrilico\\\/acrilico-transparente\\\/acrilico-cell-cast\\\/lamina-de-acrilico-transparente-de-120-x-180-m-en-5mm\\\/#breadcrumb\",\"itemListElement\":[{\"@type\":\"ListItem\",\"position\":1,\"name\":\"Inicio\",\"item\":\"https:\\\/\\\/www.acrilfrasa.mx\\\/productosacrilicopolicarbonato\\\/\"},{\"@type\":\"ListItem\",\"position\":2,\"name\":\"Tienda\",\"item\":\"https:\\\/\\\/www.acrilfrasa.mx\\\/productosacrilicopolicarbonato\\\/\"},{\"@type\":\"ListItem\",\"position\":3,\"name\":\"L\u00e1mina de Acr\u00edlico Transparente de 1.20 X 1.80 m en 5mm\"}]},{\"@type\":\"WebSite\",\"@id\":\"https:\\\/\\\/www.acrilfrasa.mx\\\/productosacrilicopolicarbonato\\\/#website\",\"url\":\"https:\\\/\\\/www.acrilfrasa.mx\\\/productosacrilicopolicarbonato\\\/\",\"name\":\"Acrilfrasa\",\"description\":\"Somos fabricantes y distribuidores de domos a todo M\u00e9xico. Trabajamos con acr\u00edlico y policarbonato de alta calidad. Cons\u00faltanos hoy mismo\",\"publisher\":{\"@id\":\"https:\\\/\\\/www.acrilfrasa.mx\\\/productosacrilicopolicarbonato\\\/#organization\"},\"potentialAction\":[{\"@type\":\"SearchAction\",\"target\":{\"@type\":\"EntryPoint\",\"urlTemplate\":\"https:\\\/\\\/www.acrilfrasa.mx\\\/productosacrilicopolicarbonato\\\/?s={search_term_string}\"},\"query-input\":{\"@type\":\"PropertyValueSpecification\",\"valueRequired\":true,\"valueName\":\"search_term_string\"}}],\"inLanguage\":\"es\"},{\"@type\":\"Organization\",\"@id\":\"https:\\\/\\\/www.acrilfrasa.mx\\\/productosacrilicopolicarbonato\\\/#organization\",\"name\":\"Acrilfrasa\",\"url\":\"https:\\\/\\\/www.acrilfrasa.mx\\\/productosacrilicopolicarbonato\\\/\",\"logo\":{\"@type\":\"ImageObject\",\"inLanguage\":\"es\",\"@id\":\"https:\\\/\\\/www.acrilfrasa.mx\\\/productosacrilicopolicarbonato\\\/#\\\/schema\\\/logo\\\/image\\\/\",\"url\":\"https:\\\/\\\/www.acrilfrasa.mx\\\/wp-content\\\/uploads\\\/acrilfrasa.webp\",\"contentUrl\":\"https:\\\/\\\/www.acrilfrasa.mx\\\/wp-content\\\/uploads\\\/acrilfrasa.webp\",\"width\":90,\"height\":100,\"caption\":\"Acrilfrasa\"},\"image\":{\"@id\":\"https:\\\/\\\/www.acrilfrasa.mx\\\/productosacrilicopolicarbonato\\\/#\\\/schema\\\/logo\\\/image\\\/\"},\"sameAs\":[\"https:\\\/\\\/www.facebook.com\\\/acrilfrasa\",\"https:\\\/\\\/x.com\\\/acrilfrasamx\"]}]}<\/script>\n<!-- \/ Yoast SEO plugin. -->","yoast_head_json":{"title":"Acr\u00edlico Transparente 1.20x1.80m, 5mm - Duradero | Acrilfrasa","description":"El Acr\u00edlico Transparente de 1.20x1.80m, 5mm es ideal para tus proyectos y publicidad. Perfecto para dise\u00f1os en 3D, techados, anuncios iluminados y m\u00e1s.","robots":{"index":"index","follow":"follow","max-snippet":"max-snippet:-1","max-image-preview":"max-image-preview:large","max-video-preview":"max-video-preview:-1"},"canonical":"https:\/\/www.acrilfrasa.mx\/productosacrilicopolicarbonato\/laminasacrilico\/acrilico-transparente\/acrilico-cell-cast\/lamina-de-acrilico-transparente-de-120-x-180-m-en-5mm\/","og_locale":"es_MX","og_type":"article","og_title":"Acr\u00edlico Transparente 1.20x1.80m, 5mm - Duradero | Acrilfrasa","og_description":"El Acr\u00edlico Transparente de 1.20x1.80m, 5mm es ideal para tus proyectos y publicidad. Perfecto para dise\u00f1os en 3D, techados, anuncios iluminados y m\u00e1s.","og_url":"https:\/\/www.acrilfrasa.mx\/productosacrilicopolicarbonato\/laminasacrilico\/acrilico-transparente\/acrilico-cell-cast\/lamina-de-acrilico-transparente-de-120-x-180-m-en-5mm\/","og_site_name":"Acrilfrasa","article_publisher":"https:\/\/www.facebook.com\/acrilfrasa","article_modified_time":"2025-04-07T21:40:49+00:00","og_image":[{"width":2560,"height":1708,"url":"https:\/\/www.acrilfrasa.mx\/productosacrilicopolicarbonato\/wp-content\/uploads\/cristal-5mm-L-scaled.jpg","type":"image\/jpeg"}],"twitter_card":"summary_large_image","twitter_site":"@acrilfrasamx","schema":{"@context":"https:\/\/schema.org","@graph":[{"@type":"WebPage","@id":"https:\/\/www.acrilfrasa.mx\/productosacrilicopolicarbonato\/laminasacrilico\/acrilico-transparente\/acrilico-cell-cast\/lamina-de-acrilico-transparente-de-120-x-180-m-en-5mm\/","url":"https:\/\/www.acrilfrasa.mx\/productosacrilicopolicarbonato\/laminasacrilico\/acrilico-transparente\/acrilico-cell-cast\/lamina-de-acrilico-transparente-de-120-x-180-m-en-5mm\/","name":"Acr\u00edlico Transparente 1.20x1.80m, 5mm - Duradero | Acrilfrasa","isPartOf":{"@id":"https:\/\/www.acrilfrasa.mx\/productosacrilicopolicarbonato\/#website"},"primaryImageOfPage":{"@id":"https:\/\/www.acrilfrasa.mx\/productosacrilicopolicarbonato\/laminasacrilico\/acrilico-transparente\/acrilico-cell-cast\/lamina-de-acrilico-transparente-de-120-x-180-m-en-5mm\/#primaryimage"},"image":{"@id":"https:\/\/www.acrilfrasa.mx\/productosacrilicopolicarbonato\/laminasacrilico\/acrilico-transparente\/acrilico-cell-cast\/lamina-de-acrilico-transparente-de-120-x-180-m-en-5mm\/#primaryimage"},"thumbnailUrl":"https:\/\/www.acrilfrasa.mx\/productosacrilicopolicarbonato\/wp-content\/uploads\/cristal-5mm-L-scaled.jpg","datePublished":"2023-09-28T10:16:45+00:00","dateModified":"2025-04-07T21:40:49+00:00","description":"El Acr\u00edlico Transparente de 1.20x1.80m, 5mm es ideal para tus proyectos y publicidad. Perfecto para dise\u00f1os en 3D, techados, anuncios iluminados y m\u00e1s.","breadcrumb":{"@id":"https:\/\/www.acrilfrasa.mx\/productosacrilicopolicarbonato\/laminasacrilico\/acrilico-transparente\/acrilico-cell-cast\/lamina-de-acrilico-transparente-de-120-x-180-m-en-5mm\/#breadcrumb"},"inLanguage":"es","potentialAction":[{"@type":"ReadAction","target":["https:\/\/www.acrilfrasa.mx\/productosacrilicopolicarbonato\/laminasacrilico\/acrilico-transparente\/acrilico-cell-cast\/lamina-de-acrilico-transparente-de-120-x-180-m-en-5mm\/"]}]},{"@type":"ImageObject","inLanguage":"es","@id":"https:\/\/www.acrilfrasa.mx\/productosacrilicopolicarbonato\/laminasacrilico\/acrilico-transparente\/acrilico-cell-cast\/lamina-de-acrilico-transparente-de-120-x-180-m-en-5mm\/#primaryimage","url":"https:\/\/www.acrilfrasa.mx\/productosacrilicopolicarbonato\/wp-content\/uploads\/cristal-5mm-L-scaled.jpg","contentUrl":"https:\/\/www.acrilfrasa.mx\/productosacrilicopolicarbonato\/wp-content\/uploads\/cristal-5mm-L-scaled.jpg","width":2560,"height":1708},{"@type":"BreadcrumbList","@id":"https:\/\/www.acrilfrasa.mx\/productosacrilicopolicarbonato\/laminasacrilico\/acrilico-transparente\/acrilico-cell-cast\/lamina-de-acrilico-transparente-de-120-x-180-m-en-5mm\/#breadcrumb","itemListElement":[{"@type":"ListItem","position":1,"name":"Inicio","item":"https:\/\/www.acrilfrasa.mx\/productosacrilicopolicarbonato\/"},{"@type":"ListItem","position":2,"name":"Tienda","item":"https:\/\/www.acrilfrasa.mx\/productosacrilicopolicarbonato\/"},{"@type":"ListItem","position":3,"name":"L\u00e1mina de Acr\u00edlico Transparente de 1.20 X 1.80 m en 5mm"}]},{"@type":"WebSite","@id":"https:\/\/www.acrilfrasa.mx\/productosacrilicopolicarbonato\/#website","url":"https:\/\/www.acrilfrasa.mx\/productosacrilicopolicarbonato\/","name":"Acrilfrasa","description":"Somos fabricantes y distribuidores de domos a todo M\u00e9xico. Trabajamos con acr\u00edlico y policarbonato de alta calidad. Cons\u00faltanos hoy mismo","publisher":{"@id":"https:\/\/www.acrilfrasa.mx\/productosacrilicopolicarbonato\/#organization"},"potentialAction":[{"@type":"SearchAction","target":{"@type":"EntryPoint","urlTemplate":"https:\/\/www.acrilfrasa.mx\/productosacrilicopolicarbonato\/?s={search_term_string}"},"query-input":{"@type":"PropertyValueSpecification","valueRequired":true,"valueName":"search_term_string"}}],"inLanguage":"es"},{"@type":"Organization","@id":"https:\/\/www.acrilfrasa.mx\/productosacrilicopolicarbonato\/#organization","name":"Acrilfrasa","url":"https:\/\/www.acrilfrasa.mx\/productosacrilicopolicarbonato\/","logo":{"@type":"ImageObject","inLanguage":"es","@id":"https:\/\/www.acrilfrasa.mx\/productosacrilicopolicarbonato\/#\/schema\/logo\/image\/","url":"https:\/\/www.acrilfrasa.mx\/wp-content\/uploads\/acrilfrasa.webp","contentUrl":"https:\/\/www.acrilfrasa.mx\/wp-content\/uploads\/acrilfrasa.webp","width":90,"height":100,"caption":"Acrilfrasa"},"image":{"@id":"https:\/\/www.acrilfrasa.mx\/productosacrilicopolicarbonato\/#\/schema\/logo\/image\/"},"sameAs":["https:\/\/www.facebook.com\/acrilfrasa","https:\/\/x.com\/acrilfrasamx"]}]}},"_links":{"self":[{"href":"https:\/\/www.acrilfrasa.mx\/productosacrilicopolicarbonato\/wp-json\/wp\/v2\/product\/2085","targetHints":{"allow":["GET"]}}],"collection":[{"href":"https:\/\/www.acrilfrasa.mx\/productosacrilicopolicarbonato\/wp-json\/wp\/v2\/product"}],"about":[{"href":"https:\/\/www.acrilfrasa.mx\/productosacrilicopolicarbonato\/wp-json\/wp\/v2\/types\/product"}],"wp:featuredmedia":[{"embeddable":true,"href":"https:\/\/www.acrilfrasa.mx\/productosacrilicopolicarbonato\/wp-json\/wp\/v2\/media\/2051"}],"wp:attachment":[{"href":"https:\/\/www.acrilfrasa.mx\/productosacrilicopolicarbonato\/wp-json\/wp\/v2\/media?parent=2085"}],"wp:term":[{"taxonomy":"product_brand","embeddable":true,"href":"https:\/\/www.acrilfrasa.mx\/productosacrilicopolicarbonato\/wp-json\/wp\/v2\/product_brand?post=2085"},{"taxonomy":"product_cat","embeddable":true,"href":"https:\/\/www.acrilfrasa.mx\/productosacrilicopolicarbonato\/wp-json\/wp\/v2\/product_cat?post=2085"},{"taxonomy":"product_tag","embeddable":true,"href":"https:\/\/www.acrilfrasa.mx\/productosacrilicopolicarbonato\/wp-json\/wp\/v2\/product_tag?post=2085"}],"curies":[{"name":"wp","href":"https:\/\/api.w.org\/{rel}","templated":true}]}}