{"id":2145,"date":"2023-09-29T04:35:02","date_gmt":"2023-09-29T10:35:02","guid":{"rendered":"https:\/\/www.acrilfrasa.mx\/productosacrilicopolicarbonato\/?post_type=product&#038;p=2145"},"modified":"2025-04-02T13:19:08","modified_gmt":"2025-04-02T19:19:08","slug":"policarbonato-celular-transparente-de-1-83-x-12-20-m-en-6mm","status":"publish","type":"product","link":"https:\/\/www.acrilfrasa.mx\/productosacrilicopolicarbonato\/lamimaspolicarbonato\/policarbonato-celular-transparente\/policarbonato-celular-transparente-de-183-de-ancho\/policarbonato-celular-transparente-de-1-83-x-12-20-m-en-6mm\/","title":{"rendered":"Policarbonato celular transparente de 1.83 X 12.20 cm en 6mm"},"content":{"rendered":"","protected":false},"excerpt":{"rendered":"<p><strong>Descripci\u00f3n:<\/strong>\u00a0El policarbonato celular es un pol\u00edmero termopl\u00e1stico utilizado para techar \u00e1reas donde se requiera el paso y difusi\u00f3n de la luz pero con protecci\u00f3n UV. Las celdas que tiene entre sus dos superficies lo hacen un buen aislante t\u00e9rmico y resistente al impacto. De igual forma se puede usar en fachadas, construcci\u00f3n, industria y dem\u00e1s.<\/p>\n<p><strong>Caracter\u00edsticas:<\/strong>\u00a0Ligero.\u00a0Durable.\u00a0Alta resistencia al impacto ( 250 veces m\u00e1s fuerte que el vidrio). Tiene protecci\u00f3n UV.\u00a0Buen comportamiento frente al fuego. F\u00e1cil de manipular e instalar<\/p>\n<p><strong>Material:<\/strong> Policarbonato<\/p>\n<p><strong>Color:<\/strong> Transparente<\/p>\n<p><strong>Medidas:\u00a0<\/strong>Ancho: 1.83 m | Largo: 12.20 m | Espesor: 6 mm<\/p>\n<p>&nbsp;<\/p>\n<p>En nuestra p\u00e1gina web puedes encontrar mas informaci\u00f3n sobre <a href=\"https:\/\/www.acrilfrasa.mx\/Acrilico\/\">Acr\u00edlico<\/a>, <a href=\"https:\/\/www.acrilfrasa.mx\/Policarbonato\/\">Policarbonato<\/a>, <a href=\"https:\/\/www.acrilfrasa.mx\/\">Domos<\/a>, Canceles y mucho mas&#8230;.<\/p>\n","protected":false},"featured_media":1381,"comment_status":"closed","ping_status":"closed","template":"","meta":[],"product_brand":[],"product_cat":[46,161],"product_tag":[],"class_list":{"0":"post-2145","1":"product","2":"type-product","3":"status-publish","4":"has-post-thumbnail","6":"product_cat-policarbonato-celular-transparente","7":"product_cat-policarbonato-celular-transparente-de-183-de-ancho","9":"first","10":"instock","11":"taxable","12":"shipping-taxable","13":"purchasable","14":"product-type-simple"},"_links":{"self":[{"href":"https:\/\/www.acrilfrasa.mx\/productosacrilicopolicarbonato\/wp-json\/wp\/v2\/product\/2145","targetHints":{"allow":["GET"]}}],"collection":[{"href":"https:\/\/www.acrilfrasa.mx\/productosacrilicopolicarbonato\/wp-json\/wp\/v2\/product"}],"about":[{"href":"https:\/\/www.acrilfrasa.mx\/productosacrilicopolicarbonato\/wp-json\/wp\/v2\/types\/product"}],"replies":[{"embeddable":true,"href":"https:\/\/www.acrilfrasa.mx\/productosacrilicopolicarbonato\/wp-json\/wp\/v2\/comments?post=2145"}],"wp:featuredmedia":[{"embeddable":true,"href":"https:\/\/www.acrilfrasa.mx\/productosacrilicopolicarbonato\/wp-json\/wp\/v2\/media\/1381"}],"wp:attachment":[{"href":"https:\/\/www.acrilfrasa.mx\/productosacrilicopolicarbonato\/wp-json\/wp\/v2\/media?parent=2145"}],"wp:term":[{"taxonomy":"product_brand","embeddable":true,"href":"https:\/\/www.acrilfrasa.mx\/productosacrilicopolicarbonato\/wp-json\/wp\/v2\/product_brand?post=2145"},{"taxonomy":"product_cat","embeddable":true,"href":"https:\/\/www.acrilfrasa.mx\/productosacrilicopolicarbonato\/wp-json\/wp\/v2\/product_cat?post=2145"},{"taxonomy":"product_tag","embeddable":true,"href":"https:\/\/www.acrilfrasa.mx\/productosacrilicopolicarbonato\/wp-json\/wp\/v2\/product_tag?post=2145"}],"curies":[{"name":"wp","href":"https:\/\/api.w.org\/{rel}","templated":true}]}}