{"id":2167,"date":"2023-10-04T03:56:05","date_gmt":"2023-10-04T09:56:05","guid":{"rendered":"https:\/\/www.acrilfrasa.mx\/productosacrilicopolicarbonato\/?post_type=product&#038;p=2167"},"modified":"2025-04-02T12:39:56","modified_gmt":"2025-04-02T18:39:56","slug":"policarbonato-celular-blanco-de-122-x-1220-cm-en-6mm","status":"publish","type":"product","link":"https:\/\/www.acrilfrasa.mx\/productosacrilicopolicarbonato\/lamimaspolicarbonato\/policarbonato-celular-blanco\/policarbonato-celular-blanco-de-122-x-1220-cm-en-6mm\/","title":{"rendered":"Policarbonato celular blanco de 1.22 X 12.20 m en 6mm"},"content":{"rendered":"","protected":false},"excerpt":{"rendered":"<p><strong>Descripci\u00f3n: <\/strong>El policarbonato celular es un pol\u00edmero termopl\u00e1stico utilizado para techar \u00e1reas donde se requiera el paso y difusi\u00f3n de la luz pero con protecci\u00f3n UV. Las celdas que tiene entre sus dos superficies lo hacen un buen aislante t\u00e9rmico y resistente al impacto. De igual forma se puede usar en fachadas, construcci\u00f3n, industria y dem\u00e1s.<\/p>\n<p><strong>Caracter\u00edsticas: <\/strong>Ligero.\u00a0Durable.\u00a0Alta resistencia al impacto ( 250 veces m\u00e1s fuerte que el vidrio).\u00a0Tiene protecci\u00f3n UV.\u00a0Buen comportamiento frente al fuego.\u00a0F\u00e1cil de manipular e instalar<\/p>\n<p><strong>Material:<\/strong> Policarbonato<\/p>\n<p><strong>Color:<\/strong> Blanco<\/p>\n<p><strong>Medidas:<\/strong> Ancho: 1.22 m | Largo: 12.20 m | Espesor: 6 mm<\/p>\n<p>&nbsp;<\/p>\n<p>En nuestra p\u00e1gina web puedes encontrar mas informaci\u00f3n sobre <a href=\"https:\/\/www.acrilfrasa.mx\/Acrilico\/\">Acr\u00edlico<\/a>, <a href=\"https:\/\/www.acrilfrasa.mx\/Policarbonato\/\">Policarbonato<\/a>, Canceles, <a href=\"https:\/\/www.acrilfrasa.mx\/\">Domos<\/a> y mucho mas&#8230;.<\/p>\n","protected":false},"featured_media":1380,"template":"","meta":[],"product_brand":[],"product_cat":[45,167],"product_tag":[],"class_list":{"0":"post-2167","1":"product","2":"type-product","3":"status-publish","4":"has-post-thumbnail","6":"product_cat-policarbonato-celular-blanco","7":"product_cat-policarbonato-celular-blanco-de-122-de-ancho","9":"first","10":"instock","11":"taxable","12":"shipping-taxable","13":"purchasable","14":"product-type-simple"},"yoast_head":"<!-- This site is optimized with the Yoast SEO plugin v27.4 - https:\/\/yoast.com\/product\/yoast-seo-wordpress\/ -->\n<title>Policarbonato Celular Blanco 1.22x12.20m., 6mm - Resistente y Est\u00e9tico | Acrilfrasa<\/title>\n<meta name=\"description\" content=\"El Policarbonato Celular Blanco de 1.22x12.20m., 6mm es ideal para techado con luz y protecci\u00f3n UV. Su tono blanco aporta un toque est\u00e9tico \u00fanico.\" \/>\n<meta name=\"robots\" content=\"index, follow, max-snippet:-1, max-image-preview:large, max-video-preview:-1\" \/>\n<link rel=\"canonical\" href=\"https:\/\/www.acrilfrasa.mx\/productosacrilicopolicarbonato\/lamimaspolicarbonato\/policarbonato-celular-blanco\/policarbonato-celular-blanco-de-122-x-1220-cm-en-6mm\/\" \/>\n<meta property=\"og:locale\" content=\"es_MX\" \/>\n<meta property=\"og:type\" content=\"article\" \/>\n<meta property=\"og:title\" content=\"Policarbonato Celular Blanco 1.22x12.20m., 6mm - Resistente y Est\u00e9tico | Acrilfrasa\" \/>\n<meta property=\"og:description\" content=\"El Policarbonato Celular Blanco de 1.22x12.20m., 6mm es ideal para techado con luz y protecci\u00f3n UV. Su tono blanco aporta un toque est\u00e9tico \u00fanico.\" \/>\n<meta property=\"og:url\" content=\"https:\/\/www.acrilfrasa.mx\/productosacrilicopolicarbonato\/lamimaspolicarbonato\/policarbonato-celular-blanco\/policarbonato-celular-blanco-de-122-x-1220-cm-en-6mm\/\" \/>\n<meta property=\"og:site_name\" content=\"Acrilfrasa\" \/>\n<meta property=\"article:publisher\" content=\"https:\/\/www.facebook.com\/acrilfrasa\" \/>\n<meta property=\"article:modified_time\" content=\"2025-04-02T18:39:56+00:00\" \/>\n<meta property=\"og:image\" content=\"https:\/\/www.acrilfrasa.mx\/productosacrilicopolicarbonato\/wp-content\/uploads\/POLICARBONATO-CEL.-B-scaled.jpg\" \/>\n\t<meta property=\"og:image:width\" content=\"2560\" \/>\n\t<meta property=\"og:image:height\" content=\"1708\" \/>\n\t<meta property=\"og:image:type\" content=\"image\/jpeg\" \/>\n<meta name=\"twitter:card\" content=\"summary_large_image\" \/>\n<meta name=\"twitter:site\" content=\"@acrilfrasamx\" \/>\n<script type=\"application\/ld+json\" class=\"yoast-schema-graph\">{\"@context\":\"https:\\\/\\\/schema.org\",\"@graph\":[{\"@type\":\"WebPage\",\"@id\":\"https:\\\/\\\/www.acrilfrasa.mx\\\/productosacrilicopolicarbonato\\\/lamimaspolicarbonato\\\/policarbonato-celular-blanco\\\/policarbonato-celular-blanco-de-122-x-1220-cm-en-6mm\\\/\",\"url\":\"https:\\\/\\\/www.acrilfrasa.mx\\\/productosacrilicopolicarbonato\\\/lamimaspolicarbonato\\\/policarbonato-celular-blanco\\\/policarbonato-celular-blanco-de-122-x-1220-cm-en-6mm\\\/\",\"name\":\"Policarbonato Celular Blanco 1.22x12.20m., 6mm - Resistente y Est\u00e9tico | Acrilfrasa\",\"isPartOf\":{\"@id\":\"https:\\\/\\\/www.acrilfrasa.mx\\\/productosacrilicopolicarbonato\\\/#website\"},\"primaryImageOfPage\":{\"@id\":\"https:\\\/\\\/www.acrilfrasa.mx\\\/productosacrilicopolicarbonato\\\/lamimaspolicarbonato\\\/policarbonato-celular-blanco\\\/policarbonato-celular-blanco-de-122-x-1220-cm-en-6mm\\\/#primaryimage\"},\"image\":{\"@id\":\"https:\\\/\\\/www.acrilfrasa.mx\\\/productosacrilicopolicarbonato\\\/lamimaspolicarbonato\\\/policarbonato-celular-blanco\\\/policarbonato-celular-blanco-de-122-x-1220-cm-en-6mm\\\/#primaryimage\"},\"thumbnailUrl\":\"https:\\\/\\\/www.acrilfrasa.mx\\\/productosacrilicopolicarbonato\\\/wp-content\\\/uploads\\\/POLICARBONATO-CEL.-B-scaled.jpg\",\"datePublished\":\"2023-10-04T09:56:05+00:00\",\"dateModified\":\"2025-04-02T18:39:56+00:00\",\"description\":\"El Policarbonato Celular Blanco de 1.22x12.20m., 6mm es ideal para techado con luz y protecci\u00f3n UV. Su tono blanco aporta un toque est\u00e9tico \u00fanico.\",\"breadcrumb\":{\"@id\":\"https:\\\/\\\/www.acrilfrasa.mx\\\/productosacrilicopolicarbonato\\\/lamimaspolicarbonato\\\/policarbonato-celular-blanco\\\/policarbonato-celular-blanco-de-122-x-1220-cm-en-6mm\\\/#breadcrumb\"},\"inLanguage\":\"es\",\"potentialAction\":[{\"@type\":\"ReadAction\",\"target\":[\"https:\\\/\\\/www.acrilfrasa.mx\\\/productosacrilicopolicarbonato\\\/lamimaspolicarbonato\\\/policarbonato-celular-blanco\\\/policarbonato-celular-blanco-de-122-x-1220-cm-en-6mm\\\/\"]}]},{\"@type\":\"ImageObject\",\"inLanguage\":\"es\",\"@id\":\"https:\\\/\\\/www.acrilfrasa.mx\\\/productosacrilicopolicarbonato\\\/lamimaspolicarbonato\\\/policarbonato-celular-blanco\\\/policarbonato-celular-blanco-de-122-x-1220-cm-en-6mm\\\/#primaryimage\",\"url\":\"https:\\\/\\\/www.acrilfrasa.mx\\\/productosacrilicopolicarbonato\\\/wp-content\\\/uploads\\\/POLICARBONATO-CEL.-B-scaled.jpg\",\"contentUrl\":\"https:\\\/\\\/www.acrilfrasa.mx\\\/productosacrilicopolicarbonato\\\/wp-content\\\/uploads\\\/POLICARBONATO-CEL.-B-scaled.jpg\",\"width\":2560,\"height\":1708},{\"@type\":\"BreadcrumbList\",\"@id\":\"https:\\\/\\\/www.acrilfrasa.mx\\\/productosacrilicopolicarbonato\\\/lamimaspolicarbonato\\\/policarbonato-celular-blanco\\\/policarbonato-celular-blanco-de-122-x-1220-cm-en-6mm\\\/#breadcrumb\",\"itemListElement\":[{\"@type\":\"ListItem\",\"position\":1,\"name\":\"Inicio\",\"item\":\"https:\\\/\\\/www.acrilfrasa.mx\\\/productosacrilicopolicarbonato\\\/\"},{\"@type\":\"ListItem\",\"position\":2,\"name\":\"Tienda\",\"item\":\"https:\\\/\\\/www.acrilfrasa.mx\\\/productosacrilicopolicarbonato\\\/\"},{\"@type\":\"ListItem\",\"position\":3,\"name\":\"Policarbonato celular blanco de 1.22 X 12.20 m en 6mm\"}]},{\"@type\":\"WebSite\",\"@id\":\"https:\\\/\\\/www.acrilfrasa.mx\\\/productosacrilicopolicarbonato\\\/#website\",\"url\":\"https:\\\/\\\/www.acrilfrasa.mx\\\/productosacrilicopolicarbonato\\\/\",\"name\":\"Acrilfrasa\",\"description\":\"Somos fabricantes y distribuidores de domos a todo M\u00e9xico. Trabajamos con acr\u00edlico y policarbonato de alta calidad. Cons\u00faltanos hoy mismo\",\"publisher\":{\"@id\":\"https:\\\/\\\/www.acrilfrasa.mx\\\/productosacrilicopolicarbonato\\\/#organization\"},\"potentialAction\":[{\"@type\":\"SearchAction\",\"target\":{\"@type\":\"EntryPoint\",\"urlTemplate\":\"https:\\\/\\\/www.acrilfrasa.mx\\\/productosacrilicopolicarbonato\\\/?s={search_term_string}\"},\"query-input\":{\"@type\":\"PropertyValueSpecification\",\"valueRequired\":true,\"valueName\":\"search_term_string\"}}],\"inLanguage\":\"es\"},{\"@type\":\"Organization\",\"@id\":\"https:\\\/\\\/www.acrilfrasa.mx\\\/productosacrilicopolicarbonato\\\/#organization\",\"name\":\"Acrilfrasa\",\"url\":\"https:\\\/\\\/www.acrilfrasa.mx\\\/productosacrilicopolicarbonato\\\/\",\"logo\":{\"@type\":\"ImageObject\",\"inLanguage\":\"es\",\"@id\":\"https:\\\/\\\/www.acrilfrasa.mx\\\/productosacrilicopolicarbonato\\\/#\\\/schema\\\/logo\\\/image\\\/\",\"url\":\"https:\\\/\\\/www.acrilfrasa.mx\\\/wp-content\\\/uploads\\\/acrilfrasa.webp\",\"contentUrl\":\"https:\\\/\\\/www.acrilfrasa.mx\\\/wp-content\\\/uploads\\\/acrilfrasa.webp\",\"width\":90,\"height\":100,\"caption\":\"Acrilfrasa\"},\"image\":{\"@id\":\"https:\\\/\\\/www.acrilfrasa.mx\\\/productosacrilicopolicarbonato\\\/#\\\/schema\\\/logo\\\/image\\\/\"},\"sameAs\":[\"https:\\\/\\\/www.facebook.com\\\/acrilfrasa\",\"https:\\\/\\\/x.com\\\/acrilfrasamx\"]}]}<\/script>\n<!-- \/ Yoast SEO plugin. -->","yoast_head_json":{"title":"Policarbonato Celular Blanco 1.22x12.20m., 6mm - Resistente y Est\u00e9tico | Acrilfrasa","description":"El Policarbonato Celular Blanco de 1.22x12.20m., 6mm es ideal para techado con luz y protecci\u00f3n UV. Su tono blanco aporta un toque est\u00e9tico \u00fanico.","robots":{"index":"index","follow":"follow","max-snippet":"max-snippet:-1","max-image-preview":"max-image-preview:large","max-video-preview":"max-video-preview:-1"},"canonical":"https:\/\/www.acrilfrasa.mx\/productosacrilicopolicarbonato\/lamimaspolicarbonato\/policarbonato-celular-blanco\/policarbonato-celular-blanco-de-122-x-1220-cm-en-6mm\/","og_locale":"es_MX","og_type":"article","og_title":"Policarbonato Celular Blanco 1.22x12.20m., 6mm - Resistente y Est\u00e9tico | Acrilfrasa","og_description":"El Policarbonato Celular Blanco de 1.22x12.20m., 6mm es ideal para techado con luz y protecci\u00f3n UV. Su tono blanco aporta un toque est\u00e9tico \u00fanico.","og_url":"https:\/\/www.acrilfrasa.mx\/productosacrilicopolicarbonato\/lamimaspolicarbonato\/policarbonato-celular-blanco\/policarbonato-celular-blanco-de-122-x-1220-cm-en-6mm\/","og_site_name":"Acrilfrasa","article_publisher":"https:\/\/www.facebook.com\/acrilfrasa","article_modified_time":"2025-04-02T18:39:56+00:00","og_image":[{"width":2560,"height":1708,"url":"https:\/\/www.acrilfrasa.mx\/productosacrilicopolicarbonato\/wp-content\/uploads\/POLICARBONATO-CEL.-B-scaled.jpg","type":"image\/jpeg"}],"twitter_card":"summary_large_image","twitter_site":"@acrilfrasamx","schema":{"@context":"https:\/\/schema.org","@graph":[{"@type":"WebPage","@id":"https:\/\/www.acrilfrasa.mx\/productosacrilicopolicarbonato\/lamimaspolicarbonato\/policarbonato-celular-blanco\/policarbonato-celular-blanco-de-122-x-1220-cm-en-6mm\/","url":"https:\/\/www.acrilfrasa.mx\/productosacrilicopolicarbonato\/lamimaspolicarbonato\/policarbonato-celular-blanco\/policarbonato-celular-blanco-de-122-x-1220-cm-en-6mm\/","name":"Policarbonato Celular Blanco 1.22x12.20m., 6mm - Resistente y Est\u00e9tico | Acrilfrasa","isPartOf":{"@id":"https:\/\/www.acrilfrasa.mx\/productosacrilicopolicarbonato\/#website"},"primaryImageOfPage":{"@id":"https:\/\/www.acrilfrasa.mx\/productosacrilicopolicarbonato\/lamimaspolicarbonato\/policarbonato-celular-blanco\/policarbonato-celular-blanco-de-122-x-1220-cm-en-6mm\/#primaryimage"},"image":{"@id":"https:\/\/www.acrilfrasa.mx\/productosacrilicopolicarbonato\/lamimaspolicarbonato\/policarbonato-celular-blanco\/policarbonato-celular-blanco-de-122-x-1220-cm-en-6mm\/#primaryimage"},"thumbnailUrl":"https:\/\/www.acrilfrasa.mx\/productosacrilicopolicarbonato\/wp-content\/uploads\/POLICARBONATO-CEL.-B-scaled.jpg","datePublished":"2023-10-04T09:56:05+00:00","dateModified":"2025-04-02T18:39:56+00:00","description":"El Policarbonato Celular Blanco de 1.22x12.20m., 6mm es ideal para techado con luz y protecci\u00f3n UV. Su tono blanco aporta un toque est\u00e9tico \u00fanico.","breadcrumb":{"@id":"https:\/\/www.acrilfrasa.mx\/productosacrilicopolicarbonato\/lamimaspolicarbonato\/policarbonato-celular-blanco\/policarbonato-celular-blanco-de-122-x-1220-cm-en-6mm\/#breadcrumb"},"inLanguage":"es","potentialAction":[{"@type":"ReadAction","target":["https:\/\/www.acrilfrasa.mx\/productosacrilicopolicarbonato\/lamimaspolicarbonato\/policarbonato-celular-blanco\/policarbonato-celular-blanco-de-122-x-1220-cm-en-6mm\/"]}]},{"@type":"ImageObject","inLanguage":"es","@id":"https:\/\/www.acrilfrasa.mx\/productosacrilicopolicarbonato\/lamimaspolicarbonato\/policarbonato-celular-blanco\/policarbonato-celular-blanco-de-122-x-1220-cm-en-6mm\/#primaryimage","url":"https:\/\/www.acrilfrasa.mx\/productosacrilicopolicarbonato\/wp-content\/uploads\/POLICARBONATO-CEL.-B-scaled.jpg","contentUrl":"https:\/\/www.acrilfrasa.mx\/productosacrilicopolicarbonato\/wp-content\/uploads\/POLICARBONATO-CEL.-B-scaled.jpg","width":2560,"height":1708},{"@type":"BreadcrumbList","@id":"https:\/\/www.acrilfrasa.mx\/productosacrilicopolicarbonato\/lamimaspolicarbonato\/policarbonato-celular-blanco\/policarbonato-celular-blanco-de-122-x-1220-cm-en-6mm\/#breadcrumb","itemListElement":[{"@type":"ListItem","position":1,"name":"Inicio","item":"https:\/\/www.acrilfrasa.mx\/productosacrilicopolicarbonato\/"},{"@type":"ListItem","position":2,"name":"Tienda","item":"https:\/\/www.acrilfrasa.mx\/productosacrilicopolicarbonato\/"},{"@type":"ListItem","position":3,"name":"Policarbonato celular blanco de 1.22 X 12.20 m en 6mm"}]},{"@type":"WebSite","@id":"https:\/\/www.acrilfrasa.mx\/productosacrilicopolicarbonato\/#website","url":"https:\/\/www.acrilfrasa.mx\/productosacrilicopolicarbonato\/","name":"Acrilfrasa","description":"Somos fabricantes y distribuidores de domos a todo M\u00e9xico. Trabajamos con acr\u00edlico y policarbonato de alta calidad. Cons\u00faltanos hoy mismo","publisher":{"@id":"https:\/\/www.acrilfrasa.mx\/productosacrilicopolicarbonato\/#organization"},"potentialAction":[{"@type":"SearchAction","target":{"@type":"EntryPoint","urlTemplate":"https:\/\/www.acrilfrasa.mx\/productosacrilicopolicarbonato\/?s={search_term_string}"},"query-input":{"@type":"PropertyValueSpecification","valueRequired":true,"valueName":"search_term_string"}}],"inLanguage":"es"},{"@type":"Organization","@id":"https:\/\/www.acrilfrasa.mx\/productosacrilicopolicarbonato\/#organization","name":"Acrilfrasa","url":"https:\/\/www.acrilfrasa.mx\/productosacrilicopolicarbonato\/","logo":{"@type":"ImageObject","inLanguage":"es","@id":"https:\/\/www.acrilfrasa.mx\/productosacrilicopolicarbonato\/#\/schema\/logo\/image\/","url":"https:\/\/www.acrilfrasa.mx\/wp-content\/uploads\/acrilfrasa.webp","contentUrl":"https:\/\/www.acrilfrasa.mx\/wp-content\/uploads\/acrilfrasa.webp","width":90,"height":100,"caption":"Acrilfrasa"},"image":{"@id":"https:\/\/www.acrilfrasa.mx\/productosacrilicopolicarbonato\/#\/schema\/logo\/image\/"},"sameAs":["https:\/\/www.facebook.com\/acrilfrasa","https:\/\/x.com\/acrilfrasamx"]}]}},"_links":{"self":[{"href":"https:\/\/www.acrilfrasa.mx\/productosacrilicopolicarbonato\/wp-json\/wp\/v2\/product\/2167","targetHints":{"allow":["GET"]}}],"collection":[{"href":"https:\/\/www.acrilfrasa.mx\/productosacrilicopolicarbonato\/wp-json\/wp\/v2\/product"}],"about":[{"href":"https:\/\/www.acrilfrasa.mx\/productosacrilicopolicarbonato\/wp-json\/wp\/v2\/types\/product"}],"wp:featuredmedia":[{"embeddable":true,"href":"https:\/\/www.acrilfrasa.mx\/productosacrilicopolicarbonato\/wp-json\/wp\/v2\/media\/1380"}],"wp:attachment":[{"href":"https:\/\/www.acrilfrasa.mx\/productosacrilicopolicarbonato\/wp-json\/wp\/v2\/media?parent=2167"}],"wp:term":[{"taxonomy":"product_brand","embeddable":true,"href":"https:\/\/www.acrilfrasa.mx\/productosacrilicopolicarbonato\/wp-json\/wp\/v2\/product_brand?post=2167"},{"taxonomy":"product_cat","embeddable":true,"href":"https:\/\/www.acrilfrasa.mx\/productosacrilicopolicarbonato\/wp-json\/wp\/v2\/product_cat?post=2167"},{"taxonomy":"product_tag","embeddable":true,"href":"https:\/\/www.acrilfrasa.mx\/productosacrilicopolicarbonato\/wp-json\/wp\/v2\/product_tag?post=2167"}],"curies":[{"name":"wp","href":"https:\/\/api.w.org\/{rel}","templated":true}]}}