{"id":2289,"date":"2023-10-09T03:36:20","date_gmt":"2023-10-09T09:36:20","guid":{"rendered":"https:\/\/www.acrilfrasa.mx\/productosacrilicopolicarbonato\/?post_type=product&#038;p=2289"},"modified":"2025-03-27T12:38:10","modified_gmt":"2025-03-27T18:38:10","slug":"policarbonato-celular-verde-de-2-10-x-8-54-m-en-6mm","status":"publish","type":"product","link":"https:\/\/www.acrilfrasa.mx\/productosacrilicopolicarbonato\/lamimaspolicarbonato\/policarbonato-celular-verde\/policarbonato-celular-verde-de-210-m-de-ancho\/policarbonato-celular-verde-de-2-10-x-8-54-m-en-6mm\/","title":{"rendered":"Policarbonato Celular Verde de 2.10 X 8.54 m en 6mm"},"content":{"rendered":"","protected":false},"excerpt":{"rendered":"<p><strong>Descripci\u00f3n: <\/strong>El policarbonato celular es un pol\u00edmero termopl\u00e1stico utilizado para techar \u00e1reas donde se requiera el paso y difusi\u00f3n de la luz pero con protecci\u00f3n UV. Las celdas que tiene entre sus dos superficies lo hacen un buen aislante t\u00e9rmico y resistente al impacto. De igual forma se puede usar en fachadas, construcci\u00f3n, industria y dem\u00e1s.<\/p>\n<p><strong>Caracter\u00edsticas:\u00a0<\/strong>Ligero.\u00a0Durable.\u00a0Alta resistencia al impacto ( 250 veces m\u00e1s fuerte que el vidrio).\u00a0Tiene protecci\u00f3n UV.\u00a0Buen comportamiento frente al fuego.\u00a0F\u00e1cil de manipular e instalar<\/p>\n<p><strong>Material:<\/strong> Policarbonato<\/p>\n<p><strong>Color:<\/strong> Verde<\/p>\n<p><strong>Medidas:<\/strong> Ancho: 2.10 m | Largo: 8.54 m | Espesor: 6 mm<\/p>\n<p>En nuestra p\u00e1gina web puedes encontrar mas informaci\u00f3n sobre <a href=\"https:\/\/www.acrilfrasa.mx\/Acrilico\/\">Acr\u00edlico<\/a>, <a href=\"https:\/\/www.acrilfrasa.mx\/Policarbonato\/\">Policarbonato<\/a>, Canceles, <a href=\"https:\/\/www.acrilfrasa.mx\/\">Domos<\/a> y mucho mas&#8230;.<\/p>\n","protected":false},"featured_media":1377,"comment_status":"closed","ping_status":"closed","template":"","meta":[],"product_brand":[],"product_cat":[42,176],"product_tag":[],"class_list":{"0":"post-2289","1":"product","2":"type-product","3":"status-publish","4":"has-post-thumbnail","6":"product_cat-policarbonato-celular-verde","7":"product_cat-policarbonato-celular-verde-de-210-m-de-ancho","9":"first","10":"instock","11":"taxable","12":"shipping-taxable","13":"purchasable","14":"product-type-simple"},"_links":{"self":[{"href":"https:\/\/www.acrilfrasa.mx\/productosacrilicopolicarbonato\/wp-json\/wp\/v2\/product\/2289","targetHints":{"allow":["GET"]}}],"collection":[{"href":"https:\/\/www.acrilfrasa.mx\/productosacrilicopolicarbonato\/wp-json\/wp\/v2\/product"}],"about":[{"href":"https:\/\/www.acrilfrasa.mx\/productosacrilicopolicarbonato\/wp-json\/wp\/v2\/types\/product"}],"replies":[{"embeddable":true,"href":"https:\/\/www.acrilfrasa.mx\/productosacrilicopolicarbonato\/wp-json\/wp\/v2\/comments?post=2289"}],"wp:featuredmedia":[{"embeddable":true,"href":"https:\/\/www.acrilfrasa.mx\/productosacrilicopolicarbonato\/wp-json\/wp\/v2\/media\/1377"}],"wp:attachment":[{"href":"https:\/\/www.acrilfrasa.mx\/productosacrilicopolicarbonato\/wp-json\/wp\/v2\/media?parent=2289"}],"wp:term":[{"taxonomy":"product_brand","embeddable":true,"href":"https:\/\/www.acrilfrasa.mx\/productosacrilicopolicarbonato\/wp-json\/wp\/v2\/product_brand?post=2289"},{"taxonomy":"product_cat","embeddable":true,"href":"https:\/\/www.acrilfrasa.mx\/productosacrilicopolicarbonato\/wp-json\/wp\/v2\/product_cat?post=2289"},{"taxonomy":"product_tag","embeddable":true,"href":"https:\/\/www.acrilfrasa.mx\/productosacrilicopolicarbonato\/wp-json\/wp\/v2\/product_tag?post=2289"}],"curies":[{"name":"wp","href":"https:\/\/api.w.org\/{rel}","templated":true}]}}