{"id":2311,"date":"2023-10-09T06:23:33","date_gmt":"2023-10-09T12:23:33","guid":{"rendered":"https:\/\/www.acrilfrasa.mx\/productosacrilicopolicarbonato\/?post_type=product&#038;p=2311"},"modified":"2025-10-27T10:55:47","modified_gmt":"2025-10-27T16:55:47","slug":"domo-blanco-de-44-x-44-cm","status":"publish","type":"product","link":"https:\/\/www.acrilfrasa.mx\/productosacrilicopolicarbonato\/domos-de-acrilico\/domos-blancos\/domomarco\/domo-blanco-de-44-x-44-cm\/","title":{"rendered":"Domo de Acr\u00edlico Blanco de 44 x 44 cm"},"content":{"rendered":"","protected":false},"excerpt":{"rendered":"<p class=\"my-0.5\"><strong>Descripci\u00f3n:<\/strong> El domo de acr\u00edlico es una excelente opci\u00f3n para techados trasl\u00facidos, ya que combinan durabilidad, funcionalidad y est\u00e9tica en un solo producto. Con una vida \u00fatil que supera los 20 a\u00f1os, estos techados permiten el paso de luz y calor, brindando un ambiente luminoso y agradable en tus espacios interiores.<\/p>\n<p class=\"my-0.5\"><strong>Caracter\u00edsticas:<\/strong><\/p>\n<ul class=\"list-disc list-outside pl-8 -space-y-1 @xl:-space-y-1.5 @2xl:-space-y-2\">\n<li class=\"relative [&amp;&gt;p]:inline-block [&amp;&gt;p]:align-top [&amp;&gt;p]:-mt-6 [&amp;&gt;p]:p-0 [&amp;&gt;p]:mb-4\" style=\"box-sizing: border-box; border: 0px solid #e5e7eb; --tw-border-spacing-x: 0; --tw-border-spacing-y: 0; --tw-translate-x: 0; --tw-translate-y: 0; --tw-rotate: 0; --tw-skew-x: 0; --tw-skew-y: 0; --tw-scale-x: 1; --tw-scale-y: 1; --tw-scroll-snap-strictness: proximity; --tw-ring-offset-width: 0px; --tw-ring-offset-color: #fff; --tw-ring-color: rgba(63,131,248,.5); --tw-ring-offset-shadow: 0 0 #0000; --tw-ring-shadow: 0 0 #0000; --tw-shadow: 0 0 #0000; --tw-shadow-colored: 0 0 #0000; position: relative;\"><strong>Seguridad:<\/strong>\u00a0Los domos de acr\u00edlico tienen una estructura resistente debido a la forma circular o piramidal en la que se fabrican<\/li>\n<li><strong>Durabilidad:<\/strong>\u00a0Los domos de acr\u00edlico tienen una mayor durabilidad comparado con otros techados trasl\u00facidos ya que los domos tienen un tiempo de vida \u00fatil de m\u00e1s de 20 a\u00f1os en buen estado.<\/li>\n<li><strong>Luz y calor:\u00a0<\/strong>Los domos ayudan a permitir y difundir el paso de la luz. El color transparente permite el paso del 92% de la luz.<\/li>\n<li><strong>Ventilaci\u00f3n:\u00a0<\/strong>Los domos se pueden fabricar con ventila que es una malla que se fabrica en la base o marco del domo para permitir el flujo de aire con el exterior.<\/li>\n<li><strong>Econ\u00f3micos:\u00a0<\/strong>En comparaci\u00f3n con estructuras convencionales como la loza o techados de madera.<\/li>\n<li><strong>Dise\u00f1o:<\/strong>\u00a0Los domos se pueden fabricar en diversos modelos que permitir\u00e1n utilizar m\u00e1s o menos estructura para su instalaci\u00f3n.<\/li>\n<\/ul>\n<p class=\"my-0.5\"><strong>Color:<\/strong> Blanco<\/p>\n<p class=\"my-0.5\"><strong>Material:<\/strong> Acr\u00edlico 100%<\/p>\n<p class=\"my-0.5\"><strong>Medidas:<\/strong> Ancho: 44 cm | Largo: 44 cm<\/p>\n<p class=\"my-0.5\">Para m\u00e1s informaci\u00f3n sobre el precio de domos transparentes m\u00e1s grandes o a la medida, ll\u00e1manos a nuestras oficinas. Ofrecemos una amplia selecci\u00f3n de domos de acr\u00edlico y estamos seguros de que encontrar\u00e1s lo que necesitas para tu proyecto.<\/p>\n<p>En nuestra p\u00e1gina web puedes encontrar mas informaci\u00f3n sobre <a href=\"https:\/\/www.acrilfrasa.mx\/Acrilico\/\">Acr\u00edlico<\/a>, <a href=\"https:\/\/www.acrilfrasa.mx\/Policarbonato\/\">Policarbonato<\/a>, Canceles y mucho mas&#8230;.<\/p>\n","protected":false},"featured_media":2299,"template":"","meta":[],"product_brand":[],"product_cat":[184,182],"product_tag":[],"class_list":{"0":"post-2311","1":"product","2":"type-product","3":"status-publish","4":"has-post-thumbnail","6":"product_cat-domomarco","7":"product_cat-domos-blancos","9":"first","10":"instock","11":"taxable","12":"shipping-taxable","13":"purchasable","14":"product-type-simple"},"yoast_head":"<!-- This site is optimized with the Yoast SEO plugin v27.4 - https:\/\/yoast.com\/product\/yoast-seo-wordpress\/ -->\n<title>Domo Blanco 44x44cm - Ideal para Techados | Acrilfrasa<\/title>\n<meta name=\"description\" content=\"El Domo Blanco de 44x44cm es tu soluci\u00f3n para techados al aire libre. F\u00e1cil de instalar y resistente, ofrece protecci\u00f3n impermeable y larga duraci\u00f3n.\" \/>\n<meta name=\"robots\" content=\"index, follow, max-snippet:-1, max-image-preview:large, max-video-preview:-1\" \/>\n<link rel=\"canonical\" href=\"https:\/\/www.acrilfrasa.mx\/productosacrilicopolicarbonato\/domos-de-acrilico\/domos-blancos\/domomarco\/domo-blanco-de-44-x-44-cm\/\" \/>\n<meta property=\"og:locale\" content=\"es_MX\" \/>\n<meta property=\"og:type\" content=\"article\" \/>\n<meta property=\"og:title\" content=\"Domo Blanco 44x44cm - Ideal para Techados | Acrilfrasa\" \/>\n<meta property=\"og:description\" content=\"El Domo Blanco de 44x44cm es tu soluci\u00f3n para techados al aire libre. F\u00e1cil de instalar y resistente, ofrece protecci\u00f3n impermeable y larga duraci\u00f3n.\" \/>\n<meta property=\"og:url\" content=\"https:\/\/www.acrilfrasa.mx\/productosacrilicopolicarbonato\/domos-de-acrilico\/domos-blancos\/domomarco\/domo-blanco-de-44-x-44-cm\/\" \/>\n<meta property=\"og:site_name\" content=\"Acrilfrasa\" \/>\n<meta property=\"article:publisher\" content=\"https:\/\/www.facebook.com\/acrilfrasa\" \/>\n<meta property=\"article:modified_time\" content=\"2025-10-27T16:55:47+00:00\" \/>\n<meta property=\"og:image\" content=\"https:\/\/www.acrilfrasa.mx\/productosacrilicopolicarbonato\/wp-content\/uploads\/Domo-burbuja-blanco-60-X-60-MP-2-L-scaled.jpg\" \/>\n\t<meta property=\"og:image:width\" content=\"2560\" \/>\n\t<meta property=\"og:image:height\" content=\"1708\" \/>\n\t<meta property=\"og:image:type\" content=\"image\/jpeg\" \/>\n<meta name=\"twitter:card\" content=\"summary_large_image\" \/>\n<meta name=\"twitter:site\" content=\"@acrilfrasamx\" \/>\n<meta name=\"twitter:label1\" content=\"Tiempo de lectura\" \/>\n\t<meta name=\"twitter:data1\" content=\"1 minuto\" \/>\n<script type=\"application\/ld+json\" class=\"yoast-schema-graph\">{\"@context\":\"https:\\\/\\\/schema.org\",\"@graph\":[{\"@type\":\"WebPage\",\"@id\":\"https:\\\/\\\/www.acrilfrasa.mx\\\/productosacrilicopolicarbonato\\\/domos-de-acrilico\\\/domos-blancos\\\/domomarco\\\/domo-blanco-de-44-x-44-cm\\\/\",\"url\":\"https:\\\/\\\/www.acrilfrasa.mx\\\/productosacrilicopolicarbonato\\\/domos-de-acrilico\\\/domos-blancos\\\/domomarco\\\/domo-blanco-de-44-x-44-cm\\\/\",\"name\":\"Domo Blanco 44x44cm - Ideal para Techados | Acrilfrasa\",\"isPartOf\":{\"@id\":\"https:\\\/\\\/www.acrilfrasa.mx\\\/productosacrilicopolicarbonato\\\/#website\"},\"primaryImageOfPage\":{\"@id\":\"https:\\\/\\\/www.acrilfrasa.mx\\\/productosacrilicopolicarbonato\\\/domos-de-acrilico\\\/domos-blancos\\\/domomarco\\\/domo-blanco-de-44-x-44-cm\\\/#primaryimage\"},\"image\":{\"@id\":\"https:\\\/\\\/www.acrilfrasa.mx\\\/productosacrilicopolicarbonato\\\/domos-de-acrilico\\\/domos-blancos\\\/domomarco\\\/domo-blanco-de-44-x-44-cm\\\/#primaryimage\"},\"thumbnailUrl\":\"https:\\\/\\\/www.acrilfrasa.mx\\\/productosacrilicopolicarbonato\\\/wp-content\\\/uploads\\\/Domo-burbuja-blanco-60-X-60-MP-2-L-scaled.jpg\",\"datePublished\":\"2023-10-09T12:23:33+00:00\",\"dateModified\":\"2025-10-27T16:55:47+00:00\",\"description\":\"El Domo Blanco de 44x44cm es tu soluci\u00f3n para techados al aire libre. F\u00e1cil de instalar y resistente, ofrece protecci\u00f3n impermeable y larga duraci\u00f3n.\",\"breadcrumb\":{\"@id\":\"https:\\\/\\\/www.acrilfrasa.mx\\\/productosacrilicopolicarbonato\\\/domos-de-acrilico\\\/domos-blancos\\\/domomarco\\\/domo-blanco-de-44-x-44-cm\\\/#breadcrumb\"},\"inLanguage\":\"es\",\"potentialAction\":[{\"@type\":\"ReadAction\",\"target\":[\"https:\\\/\\\/www.acrilfrasa.mx\\\/productosacrilicopolicarbonato\\\/domos-de-acrilico\\\/domos-blancos\\\/domomarco\\\/domo-blanco-de-44-x-44-cm\\\/\"]}]},{\"@type\":\"ImageObject\",\"inLanguage\":\"es\",\"@id\":\"https:\\\/\\\/www.acrilfrasa.mx\\\/productosacrilicopolicarbonato\\\/domos-de-acrilico\\\/domos-blancos\\\/domomarco\\\/domo-blanco-de-44-x-44-cm\\\/#primaryimage\",\"url\":\"https:\\\/\\\/www.acrilfrasa.mx\\\/productosacrilicopolicarbonato\\\/wp-content\\\/uploads\\\/Domo-burbuja-blanco-60-X-60-MP-2-L-scaled.jpg\",\"contentUrl\":\"https:\\\/\\\/www.acrilfrasa.mx\\\/productosacrilicopolicarbonato\\\/wp-content\\\/uploads\\\/Domo-burbuja-blanco-60-X-60-MP-2-L-scaled.jpg\",\"width\":2560,\"height\":1708},{\"@type\":\"BreadcrumbList\",\"@id\":\"https:\\\/\\\/www.acrilfrasa.mx\\\/productosacrilicopolicarbonato\\\/domos-de-acrilico\\\/domos-blancos\\\/domomarco\\\/domo-blanco-de-44-x-44-cm\\\/#breadcrumb\",\"itemListElement\":[{\"@type\":\"ListItem\",\"position\":1,\"name\":\"Inicio\",\"item\":\"https:\\\/\\\/www.acrilfrasa.mx\\\/productosacrilicopolicarbonato\\\/\"},{\"@type\":\"ListItem\",\"position\":2,\"name\":\"Tienda\",\"item\":\"https:\\\/\\\/www.acrilfrasa.mx\\\/productosacrilicopolicarbonato\\\/\"},{\"@type\":\"ListItem\",\"position\":3,\"name\":\"Domo de Acr\u00edlico Blanco de 44 x 44 cm\"}]},{\"@type\":\"WebSite\",\"@id\":\"https:\\\/\\\/www.acrilfrasa.mx\\\/productosacrilicopolicarbonato\\\/#website\",\"url\":\"https:\\\/\\\/www.acrilfrasa.mx\\\/productosacrilicopolicarbonato\\\/\",\"name\":\"Acrilfrasa\",\"description\":\"Somos fabricantes y distribuidores de domos a todo M\u00e9xico. Trabajamos con acr\u00edlico y policarbonato de alta calidad. Cons\u00faltanos hoy mismo\",\"publisher\":{\"@id\":\"https:\\\/\\\/www.acrilfrasa.mx\\\/productosacrilicopolicarbonato\\\/#organization\"},\"potentialAction\":[{\"@type\":\"SearchAction\",\"target\":{\"@type\":\"EntryPoint\",\"urlTemplate\":\"https:\\\/\\\/www.acrilfrasa.mx\\\/productosacrilicopolicarbonato\\\/?s={search_term_string}\"},\"query-input\":{\"@type\":\"PropertyValueSpecification\",\"valueRequired\":true,\"valueName\":\"search_term_string\"}}],\"inLanguage\":\"es\"},{\"@type\":\"Organization\",\"@id\":\"https:\\\/\\\/www.acrilfrasa.mx\\\/productosacrilicopolicarbonato\\\/#organization\",\"name\":\"Acrilfrasa\",\"url\":\"https:\\\/\\\/www.acrilfrasa.mx\\\/productosacrilicopolicarbonato\\\/\",\"logo\":{\"@type\":\"ImageObject\",\"inLanguage\":\"es\",\"@id\":\"https:\\\/\\\/www.acrilfrasa.mx\\\/productosacrilicopolicarbonato\\\/#\\\/schema\\\/logo\\\/image\\\/\",\"url\":\"https:\\\/\\\/www.acrilfrasa.mx\\\/wp-content\\\/uploads\\\/acrilfrasa.webp\",\"contentUrl\":\"https:\\\/\\\/www.acrilfrasa.mx\\\/wp-content\\\/uploads\\\/acrilfrasa.webp\",\"width\":90,\"height\":100,\"caption\":\"Acrilfrasa\"},\"image\":{\"@id\":\"https:\\\/\\\/www.acrilfrasa.mx\\\/productosacrilicopolicarbonato\\\/#\\\/schema\\\/logo\\\/image\\\/\"},\"sameAs\":[\"https:\\\/\\\/www.facebook.com\\\/acrilfrasa\",\"https:\\\/\\\/x.com\\\/acrilfrasamx\"]}]}<\/script>\n<!-- \/ Yoast SEO plugin. -->","yoast_head_json":{"title":"Domo Blanco 44x44cm - Ideal para Techados | Acrilfrasa","description":"El Domo Blanco de 44x44cm es tu soluci\u00f3n para techados al aire libre. F\u00e1cil de instalar y resistente, ofrece protecci\u00f3n impermeable y larga duraci\u00f3n.","robots":{"index":"index","follow":"follow","max-snippet":"max-snippet:-1","max-image-preview":"max-image-preview:large","max-video-preview":"max-video-preview:-1"},"canonical":"https:\/\/www.acrilfrasa.mx\/productosacrilicopolicarbonato\/domos-de-acrilico\/domos-blancos\/domomarco\/domo-blanco-de-44-x-44-cm\/","og_locale":"es_MX","og_type":"article","og_title":"Domo Blanco 44x44cm - Ideal para Techados | Acrilfrasa","og_description":"El Domo Blanco de 44x44cm es tu soluci\u00f3n para techados al aire libre. F\u00e1cil de instalar y resistente, ofrece protecci\u00f3n impermeable y larga duraci\u00f3n.","og_url":"https:\/\/www.acrilfrasa.mx\/productosacrilicopolicarbonato\/domos-de-acrilico\/domos-blancos\/domomarco\/domo-blanco-de-44-x-44-cm\/","og_site_name":"Acrilfrasa","article_publisher":"https:\/\/www.facebook.com\/acrilfrasa","article_modified_time":"2025-10-27T16:55:47+00:00","og_image":[{"width":2560,"height":1708,"url":"https:\/\/www.acrilfrasa.mx\/productosacrilicopolicarbonato\/wp-content\/uploads\/Domo-burbuja-blanco-60-X-60-MP-2-L-scaled.jpg","type":"image\/jpeg"}],"twitter_card":"summary_large_image","twitter_site":"@acrilfrasamx","twitter_misc":{"Tiempo de lectura":"1 minuto"},"schema":{"@context":"https:\/\/schema.org","@graph":[{"@type":"WebPage","@id":"https:\/\/www.acrilfrasa.mx\/productosacrilicopolicarbonato\/domos-de-acrilico\/domos-blancos\/domomarco\/domo-blanco-de-44-x-44-cm\/","url":"https:\/\/www.acrilfrasa.mx\/productosacrilicopolicarbonato\/domos-de-acrilico\/domos-blancos\/domomarco\/domo-blanco-de-44-x-44-cm\/","name":"Domo Blanco 44x44cm - Ideal para Techados | Acrilfrasa","isPartOf":{"@id":"https:\/\/www.acrilfrasa.mx\/productosacrilicopolicarbonato\/#website"},"primaryImageOfPage":{"@id":"https:\/\/www.acrilfrasa.mx\/productosacrilicopolicarbonato\/domos-de-acrilico\/domos-blancos\/domomarco\/domo-blanco-de-44-x-44-cm\/#primaryimage"},"image":{"@id":"https:\/\/www.acrilfrasa.mx\/productosacrilicopolicarbonato\/domos-de-acrilico\/domos-blancos\/domomarco\/domo-blanco-de-44-x-44-cm\/#primaryimage"},"thumbnailUrl":"https:\/\/www.acrilfrasa.mx\/productosacrilicopolicarbonato\/wp-content\/uploads\/Domo-burbuja-blanco-60-X-60-MP-2-L-scaled.jpg","datePublished":"2023-10-09T12:23:33+00:00","dateModified":"2025-10-27T16:55:47+00:00","description":"El Domo Blanco de 44x44cm es tu soluci\u00f3n para techados al aire libre. F\u00e1cil de instalar y resistente, ofrece protecci\u00f3n impermeable y larga duraci\u00f3n.","breadcrumb":{"@id":"https:\/\/www.acrilfrasa.mx\/productosacrilicopolicarbonato\/domos-de-acrilico\/domos-blancos\/domomarco\/domo-blanco-de-44-x-44-cm\/#breadcrumb"},"inLanguage":"es","potentialAction":[{"@type":"ReadAction","target":["https:\/\/www.acrilfrasa.mx\/productosacrilicopolicarbonato\/domos-de-acrilico\/domos-blancos\/domomarco\/domo-blanco-de-44-x-44-cm\/"]}]},{"@type":"ImageObject","inLanguage":"es","@id":"https:\/\/www.acrilfrasa.mx\/productosacrilicopolicarbonato\/domos-de-acrilico\/domos-blancos\/domomarco\/domo-blanco-de-44-x-44-cm\/#primaryimage","url":"https:\/\/www.acrilfrasa.mx\/productosacrilicopolicarbonato\/wp-content\/uploads\/Domo-burbuja-blanco-60-X-60-MP-2-L-scaled.jpg","contentUrl":"https:\/\/www.acrilfrasa.mx\/productosacrilicopolicarbonato\/wp-content\/uploads\/Domo-burbuja-blanco-60-X-60-MP-2-L-scaled.jpg","width":2560,"height":1708},{"@type":"BreadcrumbList","@id":"https:\/\/www.acrilfrasa.mx\/productosacrilicopolicarbonato\/domos-de-acrilico\/domos-blancos\/domomarco\/domo-blanco-de-44-x-44-cm\/#breadcrumb","itemListElement":[{"@type":"ListItem","position":1,"name":"Inicio","item":"https:\/\/www.acrilfrasa.mx\/productosacrilicopolicarbonato\/"},{"@type":"ListItem","position":2,"name":"Tienda","item":"https:\/\/www.acrilfrasa.mx\/productosacrilicopolicarbonato\/"},{"@type":"ListItem","position":3,"name":"Domo de Acr\u00edlico Blanco de 44 x 44 cm"}]},{"@type":"WebSite","@id":"https:\/\/www.acrilfrasa.mx\/productosacrilicopolicarbonato\/#website","url":"https:\/\/www.acrilfrasa.mx\/productosacrilicopolicarbonato\/","name":"Acrilfrasa","description":"Somos fabricantes y distribuidores de domos a todo M\u00e9xico. Trabajamos con acr\u00edlico y policarbonato de alta calidad. Cons\u00faltanos hoy mismo","publisher":{"@id":"https:\/\/www.acrilfrasa.mx\/productosacrilicopolicarbonato\/#organization"},"potentialAction":[{"@type":"SearchAction","target":{"@type":"EntryPoint","urlTemplate":"https:\/\/www.acrilfrasa.mx\/productosacrilicopolicarbonato\/?s={search_term_string}"},"query-input":{"@type":"PropertyValueSpecification","valueRequired":true,"valueName":"search_term_string"}}],"inLanguage":"es"},{"@type":"Organization","@id":"https:\/\/www.acrilfrasa.mx\/productosacrilicopolicarbonato\/#organization","name":"Acrilfrasa","url":"https:\/\/www.acrilfrasa.mx\/productosacrilicopolicarbonato\/","logo":{"@type":"ImageObject","inLanguage":"es","@id":"https:\/\/www.acrilfrasa.mx\/productosacrilicopolicarbonato\/#\/schema\/logo\/image\/","url":"https:\/\/www.acrilfrasa.mx\/wp-content\/uploads\/acrilfrasa.webp","contentUrl":"https:\/\/www.acrilfrasa.mx\/wp-content\/uploads\/acrilfrasa.webp","width":90,"height":100,"caption":"Acrilfrasa"},"image":{"@id":"https:\/\/www.acrilfrasa.mx\/productosacrilicopolicarbonato\/#\/schema\/logo\/image\/"},"sameAs":["https:\/\/www.facebook.com\/acrilfrasa","https:\/\/x.com\/acrilfrasamx"]}]}},"_links":{"self":[{"href":"https:\/\/www.acrilfrasa.mx\/productosacrilicopolicarbonato\/wp-json\/wp\/v2\/product\/2311","targetHints":{"allow":["GET"]}}],"collection":[{"href":"https:\/\/www.acrilfrasa.mx\/productosacrilicopolicarbonato\/wp-json\/wp\/v2\/product"}],"about":[{"href":"https:\/\/www.acrilfrasa.mx\/productosacrilicopolicarbonato\/wp-json\/wp\/v2\/types\/product"}],"wp:featuredmedia":[{"embeddable":true,"href":"https:\/\/www.acrilfrasa.mx\/productosacrilicopolicarbonato\/wp-json\/wp\/v2\/media\/2299"}],"wp:attachment":[{"href":"https:\/\/www.acrilfrasa.mx\/productosacrilicopolicarbonato\/wp-json\/wp\/v2\/media?parent=2311"}],"wp:term":[{"taxonomy":"product_brand","embeddable":true,"href":"https:\/\/www.acrilfrasa.mx\/productosacrilicopolicarbonato\/wp-json\/wp\/v2\/product_brand?post=2311"},{"taxonomy":"product_cat","embeddable":true,"href":"https:\/\/www.acrilfrasa.mx\/productosacrilicopolicarbonato\/wp-json\/wp\/v2\/product_cat?post=2311"},{"taxonomy":"product_tag","embeddable":true,"href":"https:\/\/www.acrilfrasa.mx\/productosacrilicopolicarbonato\/wp-json\/wp\/v2\/product_tag?post=2311"}],"curies":[{"name":"wp","href":"https:\/\/api.w.org\/{rel}","templated":true}]}}